{"id":1363,"date":"2017-10-26T23:49:42","date_gmt":"2017-10-26T21:49:42","guid":{"rendered":"http:\/\/www.ttf-wahn-grengel.de\/?page_id=1363"},"modified":"2017-10-27T00:15:49","modified_gmt":"2017-10-26T22:15:49","slug":"mini-meisterschaften-2011","status":"publish","type":"page","link":"https:\/\/www.ttf-wahn-grengel.de\/?page_id=1363","title":{"rendered":"Mini-Meisterschaften 2011"},"content":{"rendered":"<p class=\"jetpack-slideshow-noscript robots-nocontent\">Diese Diashow ben\u00f6tigt JavaScript.<\/p><div id=\"gallery-1363-1-slideshow\" class=\"jetpack-slideshow-window jetpack-slideshow jetpack-slideshow-black\" data-trans=\"fade\" data-autostart=\"1\" data-gallery=\"[{&quot;src&quot;:&quot;https:\\\/\\\/www.ttf-wahn-grengel.de\\\/wp-content\\\/uploads\\\/2017\\\/10\\\/Minimeisterschaften_2011_1.jpg&quot;,&quot;id&quot;:&quot;1364&quot;,&quot;title&quot;:&quot;Minimeisterschaften_2011_1&quot;,&quot;alt&quot;:&quot;&quot;,&quot;caption&quot;:&quot;&quot;,&quot;itemprop&quot;:&quot;image&quot;},{&quot;src&quot;:&quot;https:\\\/\\\/www.ttf-wahn-grengel.de\\\/wp-content\\\/uploads\\\/2017\\\/10\\\/Minimeisterschaften_2011_2.jpg&quot;,&quot;id&quot;:&quot;1365&quot;,&quot;title&quot;:&quot;Minimeisterschaften_2011_2&quot;,&quot;alt&quot;:&quot;&quot;,&quot;caption&quot;:&quot;&quot;,&quot;itemprop&quot;:&quot;image&quot;},{&quot;src&quot;:&quot;https:\\\/\\\/www.ttf-wahn-grengel.de\\\/wp-content\\\/uploads\\\/2017\\\/10\\\/Minimeisterschaften_2011_3.jpg&quot;,&quot;id&quot;:&quot;1366&quot;,&quot;title&quot;:&quot;Minimeisterschaften_2011_3&quot;,&quot;alt&quot;:&quot;&quot;,&quot;caption&quot;:&quot;&quot;,&quot;itemprop&quot;:&quot;image&quot;},{&quot;src&quot;:&quot;https:\\\/\\\/www.ttf-wahn-grengel.de\\\/wp-content\\\/uploads\\\/2017\\\/10\\\/Minimeisterschaften_2011_4.jpg&quot;,&quot;id&quot;:&quot;1367&quot;,&quot;title&quot;:&quot;Minimeisterschaften_2011_4&quot;,&quot;alt&quot;:&quot;&quot;,&quot;caption&quot;:&quot;&quot;,&quot;itemprop&quot;:&quot;image&quot;},{&quot;src&quot;:&quot;https:\\\/\\\/www.ttf-wahn-grengel.de\\\/wp-content\\\/uploads\\\/2017\\\/10\\\/Minimeisterschaften_2011_5.jpg&quot;,&quot;id&quot;:&quot;1368&quot;,&quot;title&quot;:&quot;Minimeisterschaften_2011_5&quot;,&quot;alt&quot;:&quot;&quot;,&quot;caption&quot;:&quot;&quot;,&quot;itemprop&quot;:&quot;image&quot;},{&quot;src&quot;:&quot;https:\\\/\\\/www.ttf-wahn-grengel.de\\\/wp-content\\\/uploads\\\/2017\\\/10\\\/Minimeisterschaften_2011_6.jpg&quot;,&quot;id&quot;:&quot;1369&quot;,&quot;title&quot;:&quot;Minimeisterschaften_2011_6&quot;,&quot;alt&quot;:&quot;&quot;,&quot;caption&quot;:&quot;&quot;,&quot;itemprop&quot;:&quot;image&quot;},{&quot;src&quot;:&quot;https:\\\/\\\/www.ttf-wahn-grengel.de\\\/wp-content\\\/uploads\\\/2017\\\/10\\\/Minimeisterschaften_2011_7.jpg&quot;,&quot;id&quot;:&quot;1370&quot;,&quot;title&quot;:&quot;Minimeisterschaften_2011_7&quot;,&quot;alt&quot;:&quot;&quot;,&quot;caption&quot;:&quot;&quot;,&quot;itemprop&quot;:&quot;image&quot;},{&quot;src&quot;:&quot;https:\\\/\\\/www.ttf-wahn-grengel.de\\\/wp-content\\\/uploads\\\/2017\\\/10\\\/Minimeisterschaften_2011_8.jpg&quot;,&quot;id&quot;:&quot;1371&quot;,&quot;title&quot;:&quot;Minimeisterschaften_2011_8&quot;,&quot;alt&quot;:&quot;&quot;,&quot;caption&quot;:&quot;&quot;,&quot;itemprop&quot;:&quot;image&quot;},{&quot;src&quot;:&quot;https:\\\/\\\/www.ttf-wahn-grengel.de\\\/wp-content\\\/uploads\\\/2017\\\/10\\\/Minimeisterschaften_2011_9.jpg&quot;,&quot;id&quot;:&quot;1372&quot;,&quot;title&quot;:&quot;Minimeisterschaften_2011_9&quot;,&quot;alt&quot;:&quot;&quot;,&quot;caption&quot;:&quot;&quot;,&quot;itemprop&quot;:&quot;image&quot;},{&quot;src&quot;:&quot;https:\\\/\\\/www.ttf-wahn-grengel.de\\\/wp-content\\\/uploads\\\/2017\\\/10\\\/Minimeisterschaften_2011_10.jpg&quot;,&quot;id&quot;:&quot;1373&quot;,&quot;title&quot;:&quot;Minimeisterschaften_2011_10&quot;,&quot;alt&quot;:&quot;&quot;,&quot;caption&quot;:&quot;&quot;,&quot;itemprop&quot;:&quot;image&quot;}]\" itemscope itemtype=\"https:\/\/schema.org\/ImageGallery\"><\/div>\n<p>Am Sonntag 23.1.2011 fanden sich insgesamt 33 Jungen und M\u00e4dchen zu den Tischtennis-Mini-Meisterschaften in der Sporthalle Neue Heide in Wahnheide ein. Mit den zahlreichen Zuschauern, vor allem Eltern, die ihren Kindern die Daumen dr\u00fcckten, kamen sogar ca 100 Leute zu der Veranstaltung der Tischtennisfreunde Wahn-Grengel.<br \/>\nGesucht wurden die mini-Meister 2011. Um diesen Titel zu erringen, mussten die Nachwuchstalente zun\u00e4chst die Vorrunde in ihrer jeweiligen Gruppe \u00fcberstehen. Im Anschluss ging es dann f\u00fcr die ersten zwei jeder Gruppe im KO-System um die Pl\u00e4tze auf dem Treppchen. Zahlreiche spannende Spiele gab es dabei f\u00fcr die Zuschauer zu sehen.<br \/>\nDie Entscheidungen am Finaltisch fielen unter den Augen aller Zuschauer und bildeten so den angemessenen Rahmen. Unterteilt war das Turnier in drei Altersklassen. Bei den 11\/12j\u00e4hrigen Jungen konnte Dardan Rexhepi den Titel erringen. Sieger bei den 9 und 10 J\u00e4hrigen wurden Daniel Frere bei den Jungen und Melanie Blumenhofen bei den M\u00e4dchen. In der Altersklasse 8 Jahre und j\u00fcnger trug Kevin K\u00fchn den Sieg davon. Die M\u00e4dchenkonkurrenz des entsprechenden Alters gewann Niloufar Sanei.<br \/>\nDie ersten Vier jeder Altersklasse haben sich f\u00fcr die n\u00e4chste Runde der mini-Meisterschaften qualifiziert. Sie werden demn\u00e4chst vom Westdeutschen-Tischtennis-Verband zum Kreisentscheid der mini-Meisterschaften eingeladen. Sollten sie weiterhin erfolgreich sein, k\u00f6nnte der Weg bis zum Bundesfinale 2011 f\u00fchren.<br \/>\nNach dem anstrengenden Turnier \u2013 \u00fcber 3 Stunden nach Anschlag standen die Sieger fest \u2013 konnten sich die neuen mini-Meister bei der Siegerehrung feiern lassen. Alle Teilnehmer erhielten Urkunden und kleine Sachpreise. Zus\u00e4tzlich laden die Tischtennisfreunde Wahn-Grengel alle Minis zu einem kostenlosen Schnuppertraining in den n\u00e4chsten Wochen ein.<\/p>\n<h4>Ergebnis der Jungen bis 8 Jahre<\/h4>\n<table>\n<tbody>\n<tr>\n<td width=\"28\"><strong>\u00a01.<\/strong><\/td>\n<td width=\"100\"><b>Kevin K\u00fchn<\/b><\/td>\n<td width=\"198\"><\/td>\n<\/tr>\n<tr>\n<td width=\"28\"><strong>\u00a02.<\/strong><\/td>\n<td width=\"100\"><b>Navid Ataei<\/b><\/td>\n<td width=\"198\"><\/td>\n<\/tr>\n<tr>\n<td width=\"28\"><strong>\u00a03.<\/strong><\/td>\n<td width=\"100\"><b>Bastian Steinfeld<\/b><\/td>\n<td width=\"198\"><\/td>\n<\/tr>\n<tr>\n<td width=\"28\"><strong>\u00a03.<\/strong><\/td>\n<td width=\"100\"><b>Padra Siahmakoun<\/b><\/td>\n<td width=\"198\"><\/td>\n<\/tr>\n<\/tbody>\n<\/table>\n<h4>Ergebnisse der M\u00e4dchen bis 8 Jahre<\/h4>\n<table>\n<tbody>\n<tr>\n<td width=\"28\"><strong>\u00a01.<\/strong><\/td>\n<td width=\"100\"><strong>Niloufar Sanei<\/strong><\/td>\n<td width=\"198\"><\/td>\n<\/tr>\n<tr>\n<td width=\"28\"><strong>\u00a02.<\/strong><\/td>\n<td width=\"100\"><strong>Yara Holbein<\/strong><\/td>\n<td width=\"198\"><\/td>\n<\/tr>\n<\/tbody>\n<\/table>\n<h4>Ergebnisse der Jungen bis 9\/10 Jahre<\/h4>\n<table>\n<tbody>\n<tr>\n<td width=\"28\"><strong>\u00a01.<\/strong><\/td>\n<td width=\"100\"><b>Daniel Frere<\/b><\/td>\n<td width=\"198\"><\/td>\n<\/tr>\n<tr>\n<td width=\"28\"><strong>\u00a02.<\/strong><\/td>\n<td width=\"100\"><strong>Johannes Gr\u00f6ger<\/strong><\/td>\n<td width=\"198\"><\/td>\n<\/tr>\n<tr>\n<td width=\"28\"><strong>\u00a03.<\/strong><\/td>\n<td width=\"100\"><strong>Sven Tarlowski<\/strong><\/td>\n<td width=\"198\"><\/td>\n<\/tr>\n<tr>\n<td width=\"28\"><strong>\u00a03.<\/strong><\/td>\n<td width=\"100\"><strong>Phil Siedler<\/strong><\/td>\n<td width=\"198\"><\/td>\n<\/tr>\n<\/tbody>\n<\/table>\n<h4>Ergebnisse der M\u00e4dchen bis 9\/10 Jahre<\/h4>\n<table>\n<tbody>\n<tr>\n<td width=\"28\"><strong>\u00a01.<\/strong><\/td>\n<td width=\"100\"><strong>Melanie Blumenhofen<\/strong><\/td>\n<td width=\"198\"><\/td>\n<\/tr>\n<\/tbody>\n<\/table>\n","protected":false},"excerpt":{"rendered":"<p>Am Sonntag 23.1.2011 fanden sich insgesamt 33 Jungen und M\u00e4dchen zu den Tischtennis-Mini-Meisterschaften in der Sporthalle Neue Heide in Wahnheide ein. Mit den zahlreichen Zuschauern, vor allem Eltern, die ihren Kindern die Daumen dr\u00fcckten, kamen sogar ca 100 Leute zu&#8230;<\/p>\n","protected":false},"author":3,"featured_media":0,"parent":0,"menu_order":0,"comment_status":"closed","ping_status":"closed","template":"","meta":{"jetpack_post_was_ever_published":false,"footnotes":""},"class_list":["post-1363","page","type-page","status-publish","hentry","no-post-thumbnail"],"jetpack_shortlink":"https:\/\/wp.me\/P9jMO0-lZ","jetpack_sharing_enabled":true,"_links":{"self":[{"href":"https:\/\/www.ttf-wahn-grengel.de\/index.php?rest_route=\/wp\/v2\/pages\/1363"}],"collection":[{"href":"https:\/\/www.ttf-wahn-grengel.de\/index.php?rest_route=\/wp\/v2\/pages"}],"about":[{"href":"https:\/\/www.ttf-wahn-grengel.de\/index.php?rest_route=\/wp\/v2\/types\/page"}],"author":[{"embeddable":true,"href":"https:\/\/www.ttf-wahn-grengel.de\/index.php?rest_route=\/wp\/v2\/users\/3"}],"replies":[{"embeddable":true,"href":"https:\/\/www.ttf-wahn-grengel.de\/index.php?rest_route=%2Fwp%2Fv2%2Fcomments&post=1363"}],"version-history":[{"count":5,"href":"https:\/\/www.ttf-wahn-grengel.de\/index.php?rest_route=\/wp\/v2\/pages\/1363\/revisions"}],"predecessor-version":[{"id":1385,"href":"https:\/\/www.ttf-wahn-grengel.de\/index.php?rest_route=\/wp\/v2\/pages\/1363\/revisions\/1385"}],"wp:attachment":[{"href":"https:\/\/www.ttf-wahn-grengel.de\/index.php?rest_route=%2Fwp%2Fv2%2Fmedia&parent=1363"}],"curies":[{"name":"wp","href":"https:\/\/api.w.org\/{rel}","templated":true}]}}