{"id":1379,"date":"2017-10-27T00:15:03","date_gmt":"2017-10-26T22:15:03","guid":{"rendered":"http:\/\/www.ttf-wahn-grengel.de\/?page_id=1379"},"modified":"2017-10-27T00:15:03","modified_gmt":"2017-10-26T22:15:03","slug":"mini-meisterschaften-2013","status":"publish","type":"page","link":"https:\/\/www.ttf-wahn-grengel.de\/?page_id=1379","title":{"rendered":"Mini-Meisterschaften 2013"},"content":{"rendered":"<p class=\"jetpack-slideshow-noscript robots-nocontent\">Diese Diashow ben\u00f6tigt JavaScript.<\/p><div id=\"gallery-1379-1-slideshow\" class=\"jetpack-slideshow-window jetpack-slideshow jetpack-slideshow-black\" data-trans=\"fade\" data-autostart=\"1\" data-gallery=\"[{&quot;src&quot;:&quot;https:\\\/\\\/www.ttf-wahn-grengel.de\\\/wp-content\\\/uploads\\\/2013\\\/02\\\/halle1.jpg&quot;,&quot;id&quot;:&quot;478&quot;,&quot;title&quot;:&quot;halle1&quot;,&quot;alt&quot;:&quot;&quot;,&quot;caption&quot;:&quot;&quot;,&quot;itemprop&quot;:&quot;image&quot;},{&quot;src&quot;:&quot;https:\\\/\\\/www.ttf-wahn-grengel.de\\\/wp-content\\\/uploads\\\/2013\\\/02\\\/roboter.jpg&quot;,&quot;id&quot;:&quot;479&quot;,&quot;title&quot;:&quot;roboter&quot;,&quot;alt&quot;:&quot;&quot;,&quot;caption&quot;:&quot;&quot;,&quot;itemprop&quot;:&quot;image&quot;},{&quot;src&quot;:&quot;https:\\\/\\\/www.ttf-wahn-grengel.de\\\/wp-content\\\/uploads\\\/2013\\\/02\\\/gruppe.jpg&quot;,&quot;id&quot;:&quot;474&quot;,&quot;title&quot;:&quot;gruppe&quot;,&quot;alt&quot;:&quot;&quot;,&quot;caption&quot;:&quot;&quot;,&quot;itemprop&quot;:&quot;image&quot;},{&quot;src&quot;:&quot;https:\\\/\\\/www.ttf-wahn-grengel.de\\\/wp-content\\\/uploads\\\/2013\\\/02\\\/roboter2.jpg&quot;,&quot;id&quot;:&quot;484&quot;,&quot;title&quot;:&quot;roboter2&quot;,&quot;alt&quot;:&quot;&quot;,&quot;caption&quot;:&quot;&quot;,&quot;itemprop&quot;:&quot;image&quot;},{&quot;src&quot;:&quot;https:\\\/\\\/www.ttf-wahn-grengel.de\\\/wp-content\\\/uploads\\\/2013\\\/02\\\/halle3.jpg&quot;,&quot;id&quot;:&quot;483&quot;,&quot;title&quot;:&quot;halle3&quot;,&quot;alt&quot;:&quot;&quot;,&quot;caption&quot;:&quot;&quot;,&quot;itemprop&quot;:&quot;image&quot;},{&quot;src&quot;:&quot;https:\\\/\\\/www.ttf-wahn-grengel.de\\\/wp-content\\\/uploads\\\/2013\\\/02\\\/tl2.jpg&quot;,&quot;id&quot;:&quot;480&quot;,&quot;title&quot;:&quot;tl2&quot;,&quot;alt&quot;:&quot;&quot;,&quot;caption&quot;:&quot;&quot;,&quot;itemprop&quot;:&quot;image&quot;}]\" itemscope itemtype=\"https:\/\/schema.org\/ImageGallery\"><\/div>\n<p>Am Sonntag 27.01.2013 veranstalteten wir wie jedes Jahr den Ortsentscheid der mini-Meisterschaften.<br \/>\nInsgesamt fanden 35 Kinder bis 12 Jahre in Begleitung ihrer Eltern den Weg in die Halle in Wahnheide. Gespielt wurde in drei Altersklassen \u2013 bis 8 Jahre, 9 und 10 Jahre sowie 11 und 12 Jahre.<br \/>\nAm st\u00e4rksten vertreten war die Altersklasse der 9- und 10-j\u00e4hrigen. Hier gingen 27 Spieler an den Start. Zun\u00e4chst mussten sie gemeinsam mit der j\u00fcngeren Altersklasse in sechs Vorrundengruppen antreten. Im Anschluss ging es im KO-System weiter.<br \/>\nIn spannenden Spielen k\u00e4mpften die Teilnehmer um die vorderen Pl\u00e4tze. Dabei konnte das Team der Tischtennisfreunde bereits einige Talente ausmachen. Gerne w\u00fcrden wir das ein oder andere Talent auch zu unserem Jugendtraining begr\u00fc\u00dfen. Daher sind alle Teilnehmer der mini-Meisterschaften recht herzlich zu einem Schnupertraining eingeladen. Hierzu erhielt jeder Spieler einen Schnupperpass. Informationen zu unserem Jugendtraining findet man unter den Punkten Training und Mitgliedschaft. Den Schnupperpass gibt es auch zum download.<br \/>\nDie vier Bestplatzierten haben sich automatisch f\u00fcr den Kreisentscheid der mini-Meisterschaften qualifiziert und haben die Chance sich bis ins Bundesfinale zu spielen. Wer m\u00f6chte kann vorher die Gelegenheit nutzen und sich den ein oder anderen Trick bei einem Tischtennis-Bundesliga-Spiel abschauen. Die Urkunden der mini-Meisterschaften stellen n\u00e4mlich gleichzeitig eine Freikarte f\u00fcr die Spiele der Tischtennis-Bundesligisten dar.<\/p>\n<h4>Ergebnisse der Jungen bis 8 Jahre<\/h4>\n<table>\n<tbody>\n<tr>\n<td width=\"28\"><strong>\u00a01.<\/strong><\/td>\n<td width=\"100\"><strong>Matin Jawadi<\/strong><\/td>\n<td width=\"198\"><\/td>\n<\/tr>\n<tr>\n<td width=\"28\"><strong>\u00a02.<\/strong><\/td>\n<td width=\"100\"><strong>Luis Enrico Bennici<\/strong><\/td>\n<td width=\"198\"><\/td>\n<\/tr>\n<tr>\n<td width=\"28\"><strong>\u00a03.<\/strong><\/td>\n<td width=\"100\"><strong>Kerim Kaya<\/strong><\/td>\n<td width=\"198\"><\/td>\n<\/tr>\n<\/tbody>\n<\/table>\n<h4>Ergebnisse der Jungen bis 9\/10 Jahre<\/h4>\n<table>\n<tbody>\n<tr>\n<td width=\"28\"><strong>\u00a01.<\/strong><\/td>\n<td width=\"100\"><strong>Daniel Helterhoff<\/strong><b><\/b><\/td>\n<td width=\"198\"><\/td>\n<\/tr>\n<tr>\n<td width=\"28\"><strong>\u00a02.<\/strong><\/td>\n<td width=\"100\"><strong>Jean-Andre Volckaerts<\/strong><\/td>\n<td width=\"198\"><\/td>\n<\/tr>\n<tr>\n<td width=\"28\"><strong>\u00a03.<\/strong><\/td>\n<td width=\"100\"><strong>Daniel Rehberg<\/strong><\/td>\n<td width=\"198\"><\/td>\n<\/tr>\n<\/tbody>\n<\/table>\n<h4>Ergebnisse der Jungen bis 11\/12 Jahre<\/h4>\n<table>\n<tbody>\n<tr>\n<td width=\"28\"><strong>\u00a01.<\/strong><\/td>\n<td width=\"100\"><strong>Sven Tarlowski<\/strong><\/td>\n<td width=\"198\"><\/td>\n<\/tr>\n<tr>\n<td width=\"28\"><strong>\u00a02.<\/strong><\/td>\n<td width=\"100\"><strong>Tim Tarlowski<\/strong><\/td>\n<td width=\"198\"><\/td>\n<\/tr>\n<tr>\n<td width=\"28\"><strong>\u00a03.<\/strong><\/td>\n<td width=\"100\"><strong>Luca Schreiner<\/strong><\/td>\n<td width=\"198\"><\/td>\n<\/tr>\n<\/tbody>\n<\/table>\n","protected":false},"excerpt":{"rendered":"<p>Am Sonntag 27.01.2013 veranstalteten wir wie jedes Jahr den Ortsentscheid der mini-Meisterschaften. Insgesamt fanden 35 Kinder bis 12 Jahre in Begleitung ihrer Eltern den Weg in die Halle in Wahnheide. Gespielt wurde in drei Altersklassen \u2013 bis 8 Jahre, 9&#8230;<\/p>\n","protected":false},"author":3,"featured_media":0,"parent":0,"menu_order":0,"comment_status":"closed","ping_status":"closed","template":"","meta":{"jetpack_post_was_ever_published":false,"footnotes":""},"class_list":["post-1379","page","type-page","status-publish","hentry","no-post-thumbnail"],"jetpack_shortlink":"https:\/\/wp.me\/P9jMO0-mf","jetpack_sharing_enabled":true,"_links":{"self":[{"href":"https:\/\/www.ttf-wahn-grengel.de\/index.php?rest_route=\/wp\/v2\/pages\/1379"}],"collection":[{"href":"https:\/\/www.ttf-wahn-grengel.de\/index.php?rest_route=\/wp\/v2\/pages"}],"about":[{"href":"https:\/\/www.ttf-wahn-grengel.de\/index.php?rest_route=\/wp\/v2\/types\/page"}],"author":[{"embeddable":true,"href":"https:\/\/www.ttf-wahn-grengel.de\/index.php?rest_route=\/wp\/v2\/users\/3"}],"replies":[{"embeddable":true,"href":"https:\/\/www.ttf-wahn-grengel.de\/index.php?rest_route=%2Fwp%2Fv2%2Fcomments&post=1379"}],"version-history":[{"count":4,"href":"https:\/\/www.ttf-wahn-grengel.de\/index.php?rest_route=\/wp\/v2\/pages\/1379\/revisions"}],"predecessor-version":[{"id":1383,"href":"https:\/\/www.ttf-wahn-grengel.de\/index.php?rest_route=\/wp\/v2\/pages\/1379\/revisions\/1383"}],"wp:attachment":[{"href":"https:\/\/www.ttf-wahn-grengel.de\/index.php?rest_route=%2Fwp%2Fv2%2Fmedia&parent=1379"}],"curies":[{"name":"wp","href":"https:\/\/api.w.org\/{rel}","templated":true}]}}