{"id":1391,"date":"2017-10-27T00:50:55","date_gmt":"2017-10-26T22:50:55","guid":{"rendered":"http:\/\/www.ttf-wahn-grengel.de\/?page_id=1391"},"modified":"2017-10-27T00:54:26","modified_gmt":"2017-10-26T22:54:26","slug":"vereinsmeisterschaften-2009","status":"publish","type":"page","link":"https:\/\/www.ttf-wahn-grengel.de\/?page_id=1391","title":{"rendered":"Vereinsmeisterschaften 2009"},"content":{"rendered":"<p><a href=\"http:\/\/www.ttf-wahn-grengel.de\/wp-content\/uploads\/2009\/06\/vm2009.jpg\"><img loading=\"lazy\" decoding=\"async\" class=\"aligncenter size-full wp-image-176\" src=\"http:\/\/www.ttf-wahn-grengel.de\/wp-content\/uploads\/2009\/06\/vm2009.jpg\" alt=\"\" width=\"300\" height=\"225\" \/><\/a><\/p>\n<p>Zum Ende der diesj\u00e4hrigen Vereinsmeisterschaften wurde am vergangenen Wochenende der Vereinsmeister der Herren gekr\u00f6nt.<\/p>\n<p>Bei strahlendem Wetter fanden immerhin dreizehn Teilnehmer den Weg in die Halle nach Wahnheide. Nach drei gespielten Vorrunden standen die Finalisten fest und spielten in einer erneuten Runde Platz eins bis sechs untereinander aus.<\/p>\n<p>Hauchd\u00fcnn und punktgleich belegten am Ende Christoph Weber, Varol Emir und Pascal Rieboldt die Pl\u00e4tze eins bis drei. Lediglich das Satzverh\u00e4ltnis machte am Ende den Unterschied aus.<\/p>\n<p>Doppelvereinsmeister wurden Pascal Rieboldt an der Seite von Thomas Rohlfs, die im Finale Daniel Miebach und Christoph Weber bezwingen konnten.<\/p>\n<h4>Ergebnisse Herren &#8211; Einzel<\/h4>\n<table>\n<tbody>\n<tr>\n<td width=\"28\"><strong>\u00a01.<\/strong><\/td>\n<td width=\"100\"><strong>Christoph Weber<\/strong><\/td>\n<td width=\"198\"><\/td>\n<\/tr>\n<tr>\n<td width=\"28\"><strong>\u00a02.<\/strong><\/td>\n<td width=\"100\"><strong>Varol Emir<\/strong><\/td>\n<td width=\"198\"><\/td>\n<\/tr>\n<tr>\n<td width=\"28\"><strong>\u00a03.<\/strong><\/td>\n<td width=\"100\"><strong>Pascal Rieboldt<\/strong><\/td>\n<td width=\"198\"><\/td>\n<\/tr>\n<tr>\n<td width=\"28\"><strong>\u00a04.<\/strong><\/td>\n<td width=\"100\"><strong>Dennis Faust<\/strong><\/td>\n<td width=\"198\"><\/td>\n<\/tr>\n<tr>\n<td width=\"28\"><strong>\u00a05.<\/strong><\/td>\n<td width=\"100\"><strong>Christoph Schaub<\/strong><\/td>\n<td width=\"198\"><\/td>\n<\/tr>\n<tr>\n<td width=\"28\"><strong>\u00a06.<\/strong><\/td>\n<td width=\"100\"><strong>Hans Roder<\/strong><\/td>\n<td width=\"198\"><\/td>\n<\/tr>\n<tr>\n<td width=\"28\"><strong>\u00a07.<\/strong><\/td>\n<td width=\"100\"><strong>Sabrina Krengel<\/strong><\/td>\n<td width=\"198\"><\/td>\n<\/tr>\n<tr>\n<td width=\"28\"><strong>\u00a08.<\/strong><\/td>\n<td width=\"100\"><strong>Thomas Rohlfs<\/strong><\/td>\n<td width=\"198\"><\/td>\n<\/tr>\n<tr>\n<td width=\"28\"><strong>\u00a09.<\/strong><\/td>\n<td width=\"100\"><strong>Mike Wegner<\/strong><\/td>\n<td width=\"198\"><\/td>\n<\/tr>\n<tr>\n<td width=\"28\"><strong>10.<\/strong><\/td>\n<td width=\"100\"><strong>Siggi Kleine<\/strong><\/td>\n<td width=\"198\"><\/td>\n<\/tr>\n<tr>\n<td width=\"28\"><strong>11.<\/strong><\/td>\n<td width=\"100\"><strong>Andrea Brandt<\/strong><\/td>\n<td width=\"198\"><\/td>\n<\/tr>\n<tr>\n<td width=\"28\"><strong>12.<\/strong><\/td>\n<td width=\"100\"><strong>J\u00f6rg M\u00fcller<\/strong><\/td>\n<td width=\"198\"><\/td>\n<\/tr>\n<tr>\n<td width=\"28\"><strong>13.<\/strong><\/td>\n<td width=\"100\"><strong>Daniel Biebach<\/strong><\/td>\n<td width=\"198\"><\/td>\n<\/tr>\n<\/tbody>\n<\/table>\n<h4>Ergebnisse Herren &#8211; Doppel<\/h4>\n<table>\n<tbody>\n<tr>\n<td width=\"28\"><strong>\u00a01.<\/strong><\/td>\n<td width=\"100\"><strong>Rieboldt<\/strong><b>\/ Rohlfs<\/b><\/td>\n<td width=\"198\"><\/td>\n<\/tr>\n<tr>\n<td width=\"28\"><strong>\u00a02.<\/strong><\/td>\n<td width=\"100\"><strong>Weber \/ Miebach<\/strong><\/td>\n<td width=\"198\"><\/td>\n<\/tr>\n<tr>\n<td width=\"28\"><strong>\u00a03.<\/strong><\/td>\n<td width=\"100\"><strong>Roder \/ M\u00fcller<\/strong><\/td>\n<td width=\"198\"><\/td>\n<\/tr>\n<tr>\n<td width=\"28\"><strong>\u00a04.<\/strong><\/td>\n<td width=\"100\"><strong>Krengel<\/strong><b>\/ Brandt<\/b><\/td>\n<td width=\"198\"><\/td>\n<\/tr>\n<tr>\n<td width=\"28\"><strong>\u00a05.<\/strong><\/td>\n<td width=\"100\"><strong>Faust \/ Wegner<\/strong><\/td>\n<td width=\"198\"><\/td>\n<\/tr>\n<tr>\n<td width=\"28\"><strong>\u00a06.<\/strong><\/td>\n<td width=\"100\"><strong>Schaub \/ Kleine<\/strong><\/td>\n<td width=\"198\"><\/td>\n<\/tr>\n<\/tbody>\n<\/table>\n<h4>Ergebnisse \u00fc40 \/ Hobby &#8211; Einzel<\/h4>\n<table>\n<tbody>\n<tr>\n<td width=\"28\"><strong>\u00a01.<\/strong><\/td>\n<td width=\"100\"><strong>Hans Roder<\/strong><\/td>\n<td width=\"198\"><\/td>\n<\/tr>\n<tr>\n<td width=\"28\"><strong>\u00a02.<\/strong><\/td>\n<td width=\"100\"><b>Siggi Kleine<\/b><\/td>\n<td width=\"198\"><\/td>\n<\/tr>\n<\/tbody>\n<\/table>\n","protected":false},"excerpt":{"rendered":"<p>Zum Ende der diesj\u00e4hrigen Vereinsmeisterschaften wurde am vergangenen Wochenende der Vereinsmeister der Herren gekr\u00f6nt. Bei strahlendem Wetter fanden immerhin dreizehn Teilnehmer den Weg in die Halle nach Wahnheide. Nach drei gespielten Vorrunden standen die Finalisten fest und spielten in einer&#8230;<\/p>\n","protected":false},"author":3,"featured_media":176,"parent":1388,"menu_order":0,"comment_status":"closed","ping_status":"closed","template":"","meta":{"jetpack_post_was_ever_published":false,"footnotes":""},"class_list":["post-1391","page","type-page","status-publish","has-post-thumbnail","hentry"],"jetpack_shortlink":"https:\/\/wp.me\/P9jMO0-mr","jetpack_sharing_enabled":true,"_links":{"self":[{"href":"https:\/\/www.ttf-wahn-grengel.de\/index.php?rest_route=\/wp\/v2\/pages\/1391"}],"collection":[{"href":"https:\/\/www.ttf-wahn-grengel.de\/index.php?rest_route=\/wp\/v2\/pages"}],"about":[{"href":"https:\/\/www.ttf-wahn-grengel.de\/index.php?rest_route=\/wp\/v2\/types\/page"}],"author":[{"embeddable":true,"href":"https:\/\/www.ttf-wahn-grengel.de\/index.php?rest_route=\/wp\/v2\/users\/3"}],"replies":[{"embeddable":true,"href":"https:\/\/www.ttf-wahn-grengel.de\/index.php?rest_route=%2Fwp%2Fv2%2Fcomments&post=1391"}],"version-history":[{"count":3,"href":"https:\/\/www.ttf-wahn-grengel.de\/index.php?rest_route=\/wp\/v2\/pages\/1391\/revisions"}],"predecessor-version":[{"id":1398,"href":"https:\/\/www.ttf-wahn-grengel.de\/index.php?rest_route=\/wp\/v2\/pages\/1391\/revisions\/1398"}],"up":[{"embeddable":true,"href":"https:\/\/www.ttf-wahn-grengel.de\/index.php?rest_route=\/wp\/v2\/pages\/1388"}],"wp:featuredmedia":[{"embeddable":true,"href":"https:\/\/www.ttf-wahn-grengel.de\/index.php?rest_route=\/wp\/v2\/media\/176"}],"wp:attachment":[{"href":"https:\/\/www.ttf-wahn-grengel.de\/index.php?rest_route=%2Fwp%2Fv2%2Fmedia&parent=1391"}],"curies":[{"name":"wp","href":"https:\/\/api.w.org\/{rel}","templated":true}]}}