{"id":1399,"date":"2017-10-27T10:27:55","date_gmt":"2017-10-27T08:27:55","guid":{"rendered":"http:\/\/www.ttf-wahn-grengel.de\/?page_id=1399"},"modified":"2017-10-27T10:27:55","modified_gmt":"2017-10-27T08:27:55","slug":"vereinsmeisterschaften-2010","status":"publish","type":"page","link":"https:\/\/www.ttf-wahn-grengel.de\/?page_id=1399","title":{"rendered":"Vereinsmeisterschaften 2010"},"content":{"rendered":"<p class=\"jetpack-slideshow-noscript robots-nocontent\">Diese Diashow ben\u00f6tigt JavaScript.<\/p><div id=\"gallery-1399-1-slideshow\" class=\"jetpack-slideshow-window jetpack-slideshow jetpack-slideshow-black\" data-trans=\"fade\" data-autostart=\"1\" data-gallery=\"[{&quot;src&quot;:&quot;https:\\\/\\\/www.ttf-wahn-grengel.de\\\/wp-content\\\/uploads\\\/2017\\\/10\\\/Vereinsmeisterschaften_2010_1.jpg&quot;,&quot;id&quot;:&quot;1400&quot;,&quot;title&quot;:&quot;Vereinsmeisterschaften_2010_1&quot;,&quot;alt&quot;:&quot;&quot;,&quot;caption&quot;:&quot;&quot;,&quot;itemprop&quot;:&quot;image&quot;},{&quot;src&quot;:&quot;https:\\\/\\\/www.ttf-wahn-grengel.de\\\/wp-content\\\/uploads\\\/2017\\\/10\\\/Vereinsmeisterschaften_2010_2.jpg&quot;,&quot;id&quot;:&quot;1401&quot;,&quot;title&quot;:&quot;Vereinsmeisterschaften_2010_2&quot;,&quot;alt&quot;:&quot;&quot;,&quot;caption&quot;:&quot;&quot;,&quot;itemprop&quot;:&quot;image&quot;},{&quot;src&quot;:&quot;https:\\\/\\\/www.ttf-wahn-grengel.de\\\/wp-content\\\/uploads\\\/2017\\\/10\\\/Vereinsmeisterschaften_2010_3.jpg&quot;,&quot;id&quot;:&quot;1402&quot;,&quot;title&quot;:&quot;Vereinsmeisterschaften_2010_3&quot;,&quot;alt&quot;:&quot;&quot;,&quot;caption&quot;:&quot;&quot;,&quot;itemprop&quot;:&quot;image&quot;},{&quot;src&quot;:&quot;https:\\\/\\\/www.ttf-wahn-grengel.de\\\/wp-content\\\/uploads\\\/2017\\\/10\\\/Vereinsmeisterschaften_2010_4.jpg&quot;,&quot;id&quot;:&quot;1403&quot;,&quot;title&quot;:&quot;Vereinsmeisterschaften_2010_4&quot;,&quot;alt&quot;:&quot;&quot;,&quot;caption&quot;:&quot;&quot;,&quot;itemprop&quot;:&quot;image&quot;},{&quot;src&quot;:&quot;https:\\\/\\\/www.ttf-wahn-grengel.de\\\/wp-content\\\/uploads\\\/2017\\\/10\\\/Vereinsmeisterschaften_2010_5.jpg&quot;,&quot;id&quot;:&quot;1404&quot;,&quot;title&quot;:&quot;Vereinsmeisterschaften_2010_5&quot;,&quot;alt&quot;:&quot;&quot;,&quot;caption&quot;:&quot;&quot;,&quot;itemprop&quot;:&quot;image&quot;},{&quot;src&quot;:&quot;https:\\\/\\\/www.ttf-wahn-grengel.de\\\/wp-content\\\/uploads\\\/2017\\\/10\\\/Vereinsmeisterschaften_2010_6.jpg&quot;,&quot;id&quot;:&quot;1405&quot;,&quot;title&quot;:&quot;Vereinsmeisterschaften_2010_6&quot;,&quot;alt&quot;:&quot;&quot;,&quot;caption&quot;:&quot;&quot;,&quot;itemprop&quot;:&quot;image&quot;}]\" itemscope itemtype=\"https:\/\/schema.org\/ImageGallery\"><\/div>\n<p>2010 trugen die Tischtennisfreunde ihre Vereinsmeisterschaften an zwei Terminen aus. Am 29.5. spielte die Vereinsjugend ihre Vereinsmeister aus. Erstmals wurden alle Jugendklassen an einem Tag ausgespielt. In den Klassen Sch\u00fcler und Jugend gingen Teilnehmer an den Start.<br \/>\nIn der Jugend wurde Dennis Faust Vereinsmeister vor dem zweitplatzierten J\u00f6rg M\u00fcller.<br \/>\nVereinsmeister der Sch\u00fcler wurde Bj\u00f6rn Schwientek vor Jan Sonnenberg auf Rang 2 und dem drittplatzierten Jonas Salz.<br \/>\nEine Woche sp\u00e4ter ging es dann f\u00fcr die Erwachsenen um den Vereinsmeistertitel. In diesem Turnier gab es dann die ein oder andere \u00dcberraschung. Dauervereinsmeister Christoph Weber schied bereits im Viertelfinale gegen einen gut aufgelegten G\u00fcnther Bott aus. Dieser konnte sich dann insgesamt den 3. Platz sichern. Im Finale um die Meisterschaft trafen Boris Rei\u00df und Varol Emir aufeinander.<\/p>\n<h4>Ergebnisse Herren &#8211; Einzel<\/h4>\n<table>\n<tbody>\n<tr>\n<td width=\"28\"><strong>\u00a01.<\/strong><\/td>\n<td width=\"100\"><strong>Boris Reiss<\/strong><\/td>\n<td width=\"198\"><\/td>\n<\/tr>\n<tr>\n<td width=\"28\"><strong>\u00a02.<\/strong><\/td>\n<td width=\"100\"><strong>Varol Emir<\/strong><\/td>\n<td width=\"198\"><\/td>\n<\/tr>\n<tr>\n<td width=\"28\"><strong>\u00a03.<\/strong><\/td>\n<td width=\"100\"><strong>G\u00fcnther Bott<\/strong><\/td>\n<td width=\"198\"><\/td>\n<\/tr>\n<\/tbody>\n<\/table>\n","protected":false},"excerpt":{"rendered":"<p>2010 trugen die Tischtennisfreunde ihre Vereinsmeisterschaften an zwei Terminen aus. Am 29.5. spielte die Vereinsjugend ihre Vereinsmeister aus. Erstmals wurden alle Jugendklassen an einem Tag ausgespielt. In den Klassen Sch\u00fcler und Jugend gingen Teilnehmer an den Start. In der Jugend&#8230;<\/p>\n","protected":false},"author":3,"featured_media":0,"parent":1388,"menu_order":0,"comment_status":"closed","ping_status":"closed","template":"","meta":{"jetpack_post_was_ever_published":false,"footnotes":""},"class_list":["post-1399","page","type-page","status-publish","hentry","no-post-thumbnail"],"jetpack_shortlink":"https:\/\/wp.me\/P9jMO0-mz","jetpack_sharing_enabled":true,"_links":{"self":[{"href":"https:\/\/www.ttf-wahn-grengel.de\/index.php?rest_route=\/wp\/v2\/pages\/1399"}],"collection":[{"href":"https:\/\/www.ttf-wahn-grengel.de\/index.php?rest_route=\/wp\/v2\/pages"}],"about":[{"href":"https:\/\/www.ttf-wahn-grengel.de\/index.php?rest_route=\/wp\/v2\/types\/page"}],"author":[{"embeddable":true,"href":"https:\/\/www.ttf-wahn-grengel.de\/index.php?rest_route=\/wp\/v2\/users\/3"}],"replies":[{"embeddable":true,"href":"https:\/\/www.ttf-wahn-grengel.de\/index.php?rest_route=%2Fwp%2Fv2%2Fcomments&post=1399"}],"version-history":[{"count":2,"href":"https:\/\/www.ttf-wahn-grengel.de\/index.php?rest_route=\/wp\/v2\/pages\/1399\/revisions"}],"predecessor-version":[{"id":1407,"href":"https:\/\/www.ttf-wahn-grengel.de\/index.php?rest_route=\/wp\/v2\/pages\/1399\/revisions\/1407"}],"up":[{"embeddable":true,"href":"https:\/\/www.ttf-wahn-grengel.de\/index.php?rest_route=\/wp\/v2\/pages\/1388"}],"wp:attachment":[{"href":"https:\/\/www.ttf-wahn-grengel.de\/index.php?rest_route=%2Fwp%2Fv2%2Fmedia&parent=1399"}],"curies":[{"name":"wp","href":"https:\/\/api.w.org\/{rel}","templated":true}]}}