{"id":1421,"date":"2017-10-27T10:52:17","date_gmt":"2017-10-27T08:52:17","guid":{"rendered":"http:\/\/www.ttf-wahn-grengel.de\/?page_id=1421"},"modified":"2017-10-27T10:56:54","modified_gmt":"2017-10-27T08:56:54","slug":"brettchenturnier-2010","status":"publish","type":"page","link":"https:\/\/www.ttf-wahn-grengel.de\/?page_id=1421","title":{"rendered":"Brettchenturnier 2010"},"content":{"rendered":"<p class=\"jetpack-slideshow-noscript robots-nocontent\">Diese Diashow ben\u00f6tigt JavaScript.<\/p><div id=\"gallery-1421-1-slideshow\" class=\"jetpack-slideshow-window jetpack-slideshow jetpack-slideshow-black\" data-trans=\"fade\" data-autostart=\"1\" data-gallery=\"[{&quot;src&quot;:&quot;https:\\\/\\\/www.ttf-wahn-grengel.de\\\/wp-content\\\/uploads\\\/2017\\\/10\\\/Brettchenturnier_2010_1.jpg&quot;,&quot;id&quot;:&quot;1423&quot;,&quot;title&quot;:&quot;Brettchenturnier_2010_1&quot;,&quot;alt&quot;:&quot;&quot;,&quot;caption&quot;:&quot;&quot;,&quot;itemprop&quot;:&quot;image&quot;},{&quot;src&quot;:&quot;https:\\\/\\\/www.ttf-wahn-grengel.de\\\/wp-content\\\/uploads\\\/2017\\\/10\\\/Brettchenturnier_2010_2.jpg&quot;,&quot;id&quot;:&quot;1424&quot;,&quot;title&quot;:&quot;Brettchenturnier_2010_2&quot;,&quot;alt&quot;:&quot;&quot;,&quot;caption&quot;:&quot;&quot;,&quot;itemprop&quot;:&quot;image&quot;},{&quot;src&quot;:&quot;https:\\\/\\\/www.ttf-wahn-grengel.de\\\/wp-content\\\/uploads\\\/2017\\\/10\\\/Brettchenturnier_2010_3.jpg&quot;,&quot;id&quot;:&quot;1425&quot;,&quot;title&quot;:&quot;Brettchenturnier_2010_3&quot;,&quot;alt&quot;:&quot;&quot;,&quot;caption&quot;:&quot;&quot;,&quot;itemprop&quot;:&quot;image&quot;}]\" itemscope itemtype=\"https:\/\/schema.org\/ImageGallery\"><\/div>\n<p>Im Juni 2010 war es wieder soweit. Das allseits beliebte Brettchenturnier stand an. Leider mussten diesen Sommer aufgrund des engen Terminplanes die Sommerveranstaltungen der Tischtennisfreunde recht eng aneinander geplant werden. Trotzdem fanden sich wieder einige Freunde des klassischen Brettchens ein. Gespielt wird bei diesem Turnier mit \u2013 vom Verein gestellten \u2013 Einheitsbrettchen. Hierbei handelt es sich um Schl\u00e4ger mit klassischen Noppen-Au\u00dfen Bel\u00e4gen ohne Schwammunterlage. F\u00fcr alle Teilnehmer eine gro\u00dfe Umstellung zum Alltag mit modernen Tensor-Bel\u00e4gen oder \u00e4hnlichem Material. Wie immer stand beim Brettchenturnier aber weniger das Sportliche im Mittelpunkt, sondern eher ein geselliger Abend im Vereinskreis.<br \/>\nTrotzdem entwickelten die meisten Starter dann doch noch sportlichen Ehrgeiz, und k\u00e4mpften mit den unterschiedlichen Techniken und Taktiken um den Sieg. Die einen versuchten ihr normales Spiel so weit wie m\u00f6glich auf die Brettchen zu \u00fcbertragen \u2013 sogar TopSpin-Spiel gab es zu sehen. Andere wiederum beschr\u00e4nkten sich vollkommen auf die klassische Abwehr weit weg vom Tisch.<br \/>\nAuch die Kondition war am Ende gefragt, da das Turnier im Modus Jeder gegen Jeden recht lang wurde. Dabei wurde jeweils ein Satz nach alter Z\u00e4hlweise, also bis 21 und mit jeweils 5 Aufschl\u00e4gen, gespielt. Auch f\u00fcr den Verlierer eines Duells ging es noch um Punkte. Erreichte man mindestens 11 Punkte in dem Satz, bekam man 1 Punkt in der Tabelle gutgeschrieben. Bei mehr als 16 Punkten innerhalb des Satzes wurden trotz Niederlage 2 Punkte gutgeschrieben.<br \/>\nAm Ende setzte sich der Dauergewinner Pascal Rieboldt gegen\u00fcber Boris Rei\u00df durch. Mario M\u00fcller und Patrick Blume teilten sich punktgleich den 3. Rang.<br \/>\nNeben den Spielen war wie immer gut f\u00fcr das leibliche Wohl gesorgt. Neben Grill und F\u00e4\u00dfchen gab es zudem noch die Live\u00fcbertragung der WM-Spiele des Tages auf der Leinwand zu sehen.<\/p>\n","protected":false},"excerpt":{"rendered":"<p>Im Juni 2010 war es wieder soweit. Das allseits beliebte Brettchenturnier stand an. Leider mussten diesen Sommer aufgrund des engen Terminplanes die Sommerveranstaltungen der Tischtennisfreunde recht eng aneinander geplant werden. Trotzdem fanden sich wieder einige Freunde des klassischen Brettchens ein&#8230;.<\/p>\n","protected":false},"author":3,"featured_media":0,"parent":1409,"menu_order":0,"comment_status":"closed","ping_status":"closed","template":"","meta":{"jetpack_post_was_ever_published":false,"footnotes":""},"class_list":["post-1421","page","type-page","status-publish","hentry","no-post-thumbnail"],"jetpack_shortlink":"https:\/\/wp.me\/P9jMO0-mV","jetpack_sharing_enabled":true,"_links":{"self":[{"href":"https:\/\/www.ttf-wahn-grengel.de\/index.php?rest_route=\/wp\/v2\/pages\/1421"}],"collection":[{"href":"https:\/\/www.ttf-wahn-grengel.de\/index.php?rest_route=\/wp\/v2\/pages"}],"about":[{"href":"https:\/\/www.ttf-wahn-grengel.de\/index.php?rest_route=\/wp\/v2\/types\/page"}],"author":[{"embeddable":true,"href":"https:\/\/www.ttf-wahn-grengel.de\/index.php?rest_route=\/wp\/v2\/users\/3"}],"replies":[{"embeddable":true,"href":"https:\/\/www.ttf-wahn-grengel.de\/index.php?rest_route=%2Fwp%2Fv2%2Fcomments&post=1421"}],"version-history":[{"count":3,"href":"https:\/\/www.ttf-wahn-grengel.de\/index.php?rest_route=\/wp\/v2\/pages\/1421\/revisions"}],"predecessor-version":[{"id":1427,"href":"https:\/\/www.ttf-wahn-grengel.de\/index.php?rest_route=\/wp\/v2\/pages\/1421\/revisions\/1427"}],"up":[{"embeddable":true,"href":"https:\/\/www.ttf-wahn-grengel.de\/index.php?rest_route=\/wp\/v2\/pages\/1409"}],"wp:attachment":[{"href":"https:\/\/www.ttf-wahn-grengel.de\/index.php?rest_route=%2Fwp%2Fv2%2Fmedia&parent=1421"}],"curies":[{"name":"wp","href":"https:\/\/api.w.org\/{rel}","templated":true}]}}