{"id":1453,"date":"2017-10-27T11:44:09","date_gmt":"2017-10-27T09:44:09","guid":{"rendered":"http:\/\/www.ttf-wahn-grengel.de\/?page_id=1453"},"modified":"2017-10-27T11:44:09","modified_gmt":"2017-10-27T09:44:09","slug":"weihnachtsfeier-2010","status":"publish","type":"page","link":"https:\/\/www.ttf-wahn-grengel.de\/?page_id=1453","title":{"rendered":"Weihnachtsfeier 2010"},"content":{"rendered":"<p class=\"jetpack-slideshow-noscript robots-nocontent\">Diese Diashow ben\u00f6tigt JavaScript.<\/p><div id=\"gallery-1453-1-slideshow\" class=\"jetpack-slideshow-window jetpack-slideshow jetpack-slideshow-black\" data-trans=\"fade\" data-autostart=\"1\" data-gallery=\"[{&quot;src&quot;:&quot;https:\\\/\\\/www.ttf-wahn-grengel.de\\\/wp-content\\\/uploads\\\/2017\\\/10\\\/Weihnachtsfeier_2010_1.jpg&quot;,&quot;id&quot;:&quot;1454&quot;,&quot;title&quot;:&quot;Weihnachtsfeier_2010_1&quot;,&quot;alt&quot;:&quot;&quot;,&quot;caption&quot;:&quot;&quot;,&quot;itemprop&quot;:&quot;image&quot;},{&quot;src&quot;:&quot;https:\\\/\\\/www.ttf-wahn-grengel.de\\\/wp-content\\\/uploads\\\/2017\\\/10\\\/Weihnachtsfeier_2010_2.jpg&quot;,&quot;id&quot;:&quot;1455&quot;,&quot;title&quot;:&quot;Weihnachtsfeier_2010_2&quot;,&quot;alt&quot;:&quot;&quot;,&quot;caption&quot;:&quot;&quot;,&quot;itemprop&quot;:&quot;image&quot;},{&quot;src&quot;:&quot;https:\\\/\\\/www.ttf-wahn-grengel.de\\\/wp-content\\\/uploads\\\/2017\\\/10\\\/Weihnachtsfeier_2010_3.jpg&quot;,&quot;id&quot;:&quot;1456&quot;,&quot;title&quot;:&quot;Weihnachtsfeier_2010_3&quot;,&quot;alt&quot;:&quot;&quot;,&quot;caption&quot;:&quot;&quot;,&quot;itemprop&quot;:&quot;image&quot;},{&quot;src&quot;:&quot;https:\\\/\\\/www.ttf-wahn-grengel.de\\\/wp-content\\\/uploads\\\/2017\\\/10\\\/Weihnachtsfeier_2010_4.jpg&quot;,&quot;id&quot;:&quot;1457&quot;,&quot;title&quot;:&quot;Weihnachtsfeier_2010_4&quot;,&quot;alt&quot;:&quot;&quot;,&quot;caption&quot;:&quot;&quot;,&quot;itemprop&quot;:&quot;image&quot;},{&quot;src&quot;:&quot;https:\\\/\\\/www.ttf-wahn-grengel.de\\\/wp-content\\\/uploads\\\/2017\\\/10\\\/Weihnachtsfeier_2010_5.jpg&quot;,&quot;id&quot;:&quot;1458&quot;,&quot;title&quot;:&quot;Weihnachtsfeier_2010_5&quot;,&quot;alt&quot;:&quot;&quot;,&quot;caption&quot;:&quot;&quot;,&quot;itemprop&quot;:&quot;image&quot;},{&quot;src&quot;:&quot;https:\\\/\\\/www.ttf-wahn-grengel.de\\\/wp-content\\\/uploads\\\/2017\\\/10\\\/Weihnachtsfeier_2010_6.jpg&quot;,&quot;id&quot;:&quot;1459&quot;,&quot;title&quot;:&quot;Weihnachtsfeier_2010_6&quot;,&quot;alt&quot;:&quot;&quot;,&quot;caption&quot;:&quot;&quot;,&quot;itemprop&quot;:&quot;image&quot;}]\" itemscope itemtype=\"https:\/\/schema.org\/ImageGallery\"><\/div>\n<p>Am Mittwoch 15.12. luden die Tischtennisfreunde alle Jugendlichen zusammen mit ihren Eltern zur gemeinsamen Weihnachtsfeier ein. Wie im Vorjahr fand diese in der Gastst\u00e4tte Bonerath in Wahnheide statt. F\u00fcr die immer gastfreundliche Bewirtung bedanken wir uns an dieser Stelle recht herzlich.<br \/>\nInsgesamt nahmen knapp 40 Spieler und Spielerinnen und ihre Eltern an der Weihnachtsfeier teil. Bei mitgebrachten Kuchen und Pl\u00e4tzchen bestand die Gelegenheit, sich untereinander und auch das Vereinsteam kennenzulernen.<br \/>\nDurch den Abend f\u00fchrten von Vereinsseite Thomas Rohlfs, Pascal Rieboldt und Patrick Blume.<br \/>\nNach der Begr\u00fc\u00dfung wurden zun\u00e4chst zwei Runden Bingo gespielt, bei denen es sowohl f\u00fcr unsere Spieler als auch f\u00fcr die Eltern kleine Preise zu gewinnen gab.<br \/>\nEin weiterer Programmpunkt bestand traditionell in der Siegerehrung f\u00fcr die Jugend-Vereinsmeisterschaften. F\u00fcr alle Teilnehmer gab es Urkunden. Die jeweils ersten Drei erhielten zudem einen Pokal und einen Sachpreis.<br \/>\nNeben den Ehrungen f\u00fcr die Vereinsmeisterschaften gab es noch eine besondere Ehrung. Gek\u00fcrt wurde der Spieler des Jahres 2010. Wer das sein w\u00fcrde, wurde im Vorfeld der Weihnachtsfeier durch das Trainerteam festgelegt. Ausschlaggebend war vor allem die Beteiligung beim Training, das Verhalten im Training und bei den Meisterschaftsspielen sowie zum Schluss wenn auch nicht ausschlaggebend das Abschneiden in den Wettk\u00e4mpfen des Jahres 2010. Nach Ber\u00fccksichtigung dieser Umst\u00e4nde legte sich das Trainerteam auf Dominik Brucherseifer fest. Dominik ist also unser erster Spieler des Jahres und erhielt auf der Weihnachtsfeier ein Sondertrikot mit entsprechendem Aufdruck.<\/p>\n<h4>Ergebnisse Jungen &#8211; Einzel<\/h4>\n<table>\n<tbody>\n<tr>\n<td width=\"28\"><strong>\u00a01.<\/strong><\/td>\n<td width=\"100\"><strong>Dennis Faust<\/strong><\/td>\n<td width=\"198\"><\/td>\n<\/tr>\n<tr>\n<td width=\"28\"><strong>\u00a02.<\/strong><\/td>\n<td width=\"100\"><strong>J\u00f6rg M\u00fcller<\/strong><\/td>\n<td width=\"198\"><\/td>\n<\/tr>\n<\/tbody>\n<\/table>\n<h4>Ergebnisse Sch\u00fcler &#8211; Einzel<\/h4>\n<table>\n<tbody>\n<tr>\n<td width=\"28\"><strong>\u00a01.<\/strong><\/td>\n<td width=\"100\"><strong>Bj\u00f6rn Schwientek<\/strong><\/td>\n<td width=\"198\"><\/td>\n<\/tr>\n<tr>\n<td width=\"28\"><strong>\u00a02.<\/strong><\/td>\n<td width=\"100\"><strong>Jan Sonnenberg<\/strong><\/td>\n<td width=\"198\"><\/td>\n<\/tr>\n<tr>\n<td width=\"28\"><strong>\u00a03.<\/strong><\/td>\n<td width=\"100\"><strong>Jonas Salz<\/strong><\/td>\n<td width=\"198\"><\/td>\n<\/tr>\n<\/tbody>\n<\/table>\n","protected":false},"excerpt":{"rendered":"<p>Am Mittwoch 15.12. luden die Tischtennisfreunde alle Jugendlichen zusammen mit ihren Eltern zur gemeinsamen Weihnachtsfeier ein. Wie im Vorjahr fand diese in der Gastst\u00e4tte Bonerath in Wahnheide statt. F\u00fcr die immer gastfreundliche Bewirtung bedanken wir uns an dieser Stelle recht&#8230;<\/p>\n","protected":false},"author":3,"featured_media":0,"parent":1429,"menu_order":0,"comment_status":"closed","ping_status":"closed","template":"","meta":{"jetpack_post_was_ever_published":false,"footnotes":""},"class_list":["post-1453","page","type-page","status-publish","hentry","no-post-thumbnail"],"jetpack_shortlink":"https:\/\/wp.me\/P9jMO0-nr","jetpack_sharing_enabled":true,"_links":{"self":[{"href":"https:\/\/www.ttf-wahn-grengel.de\/index.php?rest_route=\/wp\/v2\/pages\/1453"}],"collection":[{"href":"https:\/\/www.ttf-wahn-grengel.de\/index.php?rest_route=\/wp\/v2\/pages"}],"about":[{"href":"https:\/\/www.ttf-wahn-grengel.de\/index.php?rest_route=\/wp\/v2\/types\/page"}],"author":[{"embeddable":true,"href":"https:\/\/www.ttf-wahn-grengel.de\/index.php?rest_route=\/wp\/v2\/users\/3"}],"replies":[{"embeddable":true,"href":"https:\/\/www.ttf-wahn-grengel.de\/index.php?rest_route=%2Fwp%2Fv2%2Fcomments&post=1453"}],"version-history":[{"count":2,"href":"https:\/\/www.ttf-wahn-grengel.de\/index.php?rest_route=\/wp\/v2\/pages\/1453\/revisions"}],"predecessor-version":[{"id":1461,"href":"https:\/\/www.ttf-wahn-grengel.de\/index.php?rest_route=\/wp\/v2\/pages\/1453\/revisions\/1461"}],"up":[{"embeddable":true,"href":"https:\/\/www.ttf-wahn-grengel.de\/index.php?rest_route=\/wp\/v2\/pages\/1429"}],"wp:attachment":[{"href":"https:\/\/www.ttf-wahn-grengel.de\/index.php?rest_route=%2Fwp%2Fv2%2Fmedia&parent=1453"}],"curies":[{"name":"wp","href":"https:\/\/api.w.org\/{rel}","templated":true}]}}