{"id":1546,"date":"2017-10-31T13:41:04","date_gmt":"2017-10-31T12:41:04","guid":{"rendered":"http:\/\/www.ttf-wahn-grengel.de\/?page_id=1546"},"modified":"2023-09-20T21:41:53","modified_gmt":"2023-09-20T19:41:53","slug":"unsere-philosophie","status":"publish","type":"page","link":"https:\/\/www.ttf-wahn-grengel.de\/?page_id=1546","title":{"rendered":"Unsere Philosophie"},"content":{"rendered":"<p>Der Verein &#8222;Tischtennisfreunde Wahn-Grengel e.V.&#8220; wurde am 27. Juni 2002 in K\u00f6ln-Wahnheide zum Zweck der F\u00f6rderung des Sports sowie der Jugendarbeit gegr\u00fcndet.<br \/>\nAktuell nehmen 28 M\u00e4dchen und Jungen sowie 37 Damen und Herren aktiv am Trainings- und\/oder Spielbetrieb teil (Stand September 2023).<\/p>\n<p>Insbesondere der Nachwuchsbereich stellt einen Schwerpunkt der Vereinst\u00e4tigkeit dar. Der Verein m\u00f6chte Kindern und Jugendlichen jeder Altersgruppe die M\u00f6glichkeit geben, den Tischtennissport unter fachlicher Anleitung zu erlernen.<\/p>\n<p>Im Erwachsenenbereich bieten die Tischtennisfreunde jede Menge Platz f\u00fcr breitensportorientierte Hobby- und Freizeitsportler, die kein Interesse am regelm\u00e4\u00dfigen Spielbetrieb haben. Doch auch leistungsorientierte Tischtennisinteressierte kommen bei den Tischtennisfreunden nicht zu kurz. Gerade dieses besonders breite Angebot f\u00fcr leistungsheterogene Gruppen zeichnen die Tischtennisfreunde aus Wahn-Grengel schon seit Jahren aus.<\/p>\n<p>Neben dem Sport bieten die Tischtennisfreunde auch ein geselliges Vereinsleben, das neben den kalendarisch gepr\u00e4gten Veranstaltungen, wie z.B. einer Weihnachtsfeier, auch durch spontane Aktionen gepr\u00e4gt ist. Die Unternehmungen reichen dabei von der Fahrradtour bis hin zum Besuch der Bowlingarena in Spich.<\/p>\n","protected":false},"excerpt":{"rendered":"<p>Der Verein &#8222;Tischtennisfreunde Wahn-Grengel e.V.&#8220; wurde am 27. Juni 2002 in K\u00f6ln-Wahnheide zum Zweck der F\u00f6rderung des Sports sowie der Jugendarbeit gegr\u00fcndet. Aktuell nehmen 28 M\u00e4dchen und Jungen sowie 37 Damen und Herren aktiv am Trainings- und\/oder Spielbetrieb teil (Stand&#8230;<\/p>\n","protected":false},"author":3,"featured_media":0,"parent":0,"menu_order":0,"comment_status":"closed","ping_status":"closed","template":"","meta":{"jetpack_post_was_ever_published":false,"footnotes":""},"class_list":["post-1546","page","type-page","status-publish","hentry","no-post-thumbnail"],"jetpack_shortlink":"https:\/\/wp.me\/P9jMO0-oW","jetpack_sharing_enabled":true,"_links":{"self":[{"href":"https:\/\/www.ttf-wahn-grengel.de\/index.php?rest_route=\/wp\/v2\/pages\/1546"}],"collection":[{"href":"https:\/\/www.ttf-wahn-grengel.de\/index.php?rest_route=\/wp\/v2\/pages"}],"about":[{"href":"https:\/\/www.ttf-wahn-grengel.de\/index.php?rest_route=\/wp\/v2\/types\/page"}],"author":[{"embeddable":true,"href":"https:\/\/www.ttf-wahn-grengel.de\/index.php?rest_route=\/wp\/v2\/users\/3"}],"replies":[{"embeddable":true,"href":"https:\/\/www.ttf-wahn-grengel.de\/index.php?rest_route=%2Fwp%2Fv2%2Fcomments&post=1546"}],"version-history":[{"count":6,"href":"https:\/\/www.ttf-wahn-grengel.de\/index.php?rest_route=\/wp\/v2\/pages\/1546\/revisions"}],"predecessor-version":[{"id":3760,"href":"https:\/\/www.ttf-wahn-grengel.de\/index.php?rest_route=\/wp\/v2\/pages\/1546\/revisions\/3760"}],"wp:attachment":[{"href":"https:\/\/www.ttf-wahn-grengel.de\/index.php?rest_route=%2Fwp%2Fv2%2Fmedia&parent=1546"}],"curies":[{"name":"wp","href":"https:\/\/api.w.org\/{rel}","templated":true}]}}