{"id":1780,"date":"2017-12-24T11:21:35","date_gmt":"2017-12-24T10:21:35","guid":{"rendered":"http:\/\/www.ttf-wahn-grengel.de\/?page_id=1780"},"modified":"2017-12-24T11:21:35","modified_gmt":"2017-12-24T10:21:35","slug":"weihnachtsfeier-2017","status":"publish","type":"page","link":"https:\/\/www.ttf-wahn-grengel.de\/?page_id=1780","title":{"rendered":"Weihnachtsfeier 2017"},"content":{"rendered":"<p>Die Erwachsenen machten dieses Jahr den Anfang und kamen am Samstag, o9. Dezember zur obligatorischen Weihnachtsfeier zusammen. Den Ausgangspunkt bildete das Brauhaus &#8222;Gaffel am Dom&#8220;, welches zu F\u00fcssen des K\u00f6lner Weltkulturerbes von vielen weiteren Weihnachtsfeierw\u00fctigen belagert wurde. Mit Mettbr\u00f6tchen und &#8222;halver Hahn&#8220; gest\u00e4rkt, ging es anschlie\u00dfend mit K\u00f6ln-Kenner Uwe Bonn auf Erkundungstour in Richtung Eigelstein. Von den Dominikanern, bis zur heiligen Ursula und deren 11.000 Jungfrauen lernten die Tischtennisfreunde Sagen und Mythen der K\u00f6lner Historie kennen.<\/p>\n<p>Doch auch die Braukunst der K\u00f6lner stand im Fokus der fr\u00f6hlichen F\u00fchrung. Ein Besuch in der Schreckenskammer bildete den Anfang der k\u00f6lschen Brauhaustour, wobei der Weg die Tischtennisfreunde \u00fcber den oft besungenen Eigelstein zum Weinhaus Vogel f\u00fchren sollte. Nach einer kurzen Pause bei kalten Getr\u00e4nken, kehrte die Gruppe im Lapidarium (&#8222;LAPI&#8220;) direkt an der Eigelsteintorburg ein. Bekannt f\u00fcr seine spontanen Feten, konnte das &#8222;LAPI&#8220; auch die Tischtennisfreunde \u00fcberzeugen, wobei sich Uwe nach einigen Kr\u00e4nzen von uns verabschiedete. Zur\u00fcck am Dom, statteten die Teilnehmer dem Weihnachtsmarkt am Roncalliplatz einen Besuch ab, erw\u00e4rmten sich mit Bratwurst und Gl\u00fchwein und folgten dem Wunsch nach weiterer Unterhaltung.<\/p>\n<p class=\"jetpack-slideshow-noscript robots-nocontent\">Diese Diashow ben\u00f6tigt JavaScript.<\/p><div id=\"gallery-1780-1-slideshow\" class=\"jetpack-slideshow-window jetpack-slideshow jetpack-slideshow-black\" data-trans=\"fade\" data-autostart=\"1\" data-gallery=\"[{&quot;src&quot;:&quot;https:\\\/\\\/www.ttf-wahn-grengel.de\\\/wp-content\\\/uploads\\\/2017\\\/12\\\/Weihnachtsfeier_Jugend_2017_2.jpg&quot;,&quot;id&quot;:&quot;1764&quot;,&quot;title&quot;:&quot;Weihnachtsfeier_Jugend_2017_2&quot;,&quot;alt&quot;:&quot;&quot;,&quot;caption&quot;:&quot;&quot;,&quot;itemprop&quot;:&quot;image&quot;},{&quot;src&quot;:&quot;https:\\\/\\\/www.ttf-wahn-grengel.de\\\/wp-content\\\/uploads\\\/2017\\\/12\\\/Weihnachtsfeier_Herren_2017_1.jpg&quot;,&quot;id&quot;:&quot;1759&quot;,&quot;title&quot;:&quot;Weihnachtsfeier2017&quot;,&quot;alt&quot;:&quot;&quot;,&quot;caption&quot;:&quot;&quot;,&quot;itemprop&quot;:&quot;image&quot;},{&quot;src&quot;:&quot;https:\\\/\\\/www.ttf-wahn-grengel.de\\\/wp-content\\\/uploads\\\/2017\\\/12\\\/Weihnachtsfeier_Jugend_2017_4.jpg&quot;,&quot;id&quot;:&quot;1766&quot;,&quot;title&quot;:&quot;Weihnachtsfeier_Jugend_2017_4&quot;,&quot;alt&quot;:&quot;&quot;,&quot;caption&quot;:&quot;&quot;,&quot;itemprop&quot;:&quot;image&quot;},{&quot;src&quot;:&quot;https:\\\/\\\/www.ttf-wahn-grengel.de\\\/wp-content\\\/uploads\\\/2017\\\/12\\\/Weihnachtsfeier_Herren_2017_4.jpg&quot;,&quot;id&quot;:&quot;1762&quot;,&quot;title&quot;:&quot;Weihnachtsfeier_Herren_2017_4&quot;,&quot;alt&quot;:&quot;&quot;,&quot;caption&quot;:&quot;&quot;,&quot;itemprop&quot;:&quot;image&quot;},{&quot;src&quot;:&quot;https:\\\/\\\/www.ttf-wahn-grengel.de\\\/wp-content\\\/uploads\\\/2017\\\/12\\\/Weihnachtsfeier_Jugend_2017_1.jpg&quot;,&quot;id&quot;:&quot;1763&quot;,&quot;title&quot;:&quot;Weihnachtsfeier_Jugend_2017_1&quot;,&quot;alt&quot;:&quot;&quot;,&quot;caption&quot;:&quot;&quot;,&quot;itemprop&quot;:&quot;image&quot;},{&quot;src&quot;:&quot;https:\\\/\\\/www.ttf-wahn-grengel.de\\\/wp-content\\\/uploads\\\/2017\\\/12\\\/Weihnachtsfeier_Herren_2017_3.jpg&quot;,&quot;id&quot;:&quot;1761&quot;,&quot;title&quot;:&quot;Weihnachtsfeier_Herren_2017_3&quot;,&quot;alt&quot;:&quot;&quot;,&quot;caption&quot;:&quot;&quot;,&quot;itemprop&quot;:&quot;image&quot;},{&quot;src&quot;:&quot;https:\\\/\\\/www.ttf-wahn-grengel.de\\\/wp-content\\\/uploads\\\/2017\\\/12\\\/Weihnachtsfeier_Jugend_2017_5.jpg&quot;,&quot;id&quot;:&quot;1767&quot;,&quot;title&quot;:&quot;Weihnachtsfeier_Jugend_2017_5&quot;,&quot;alt&quot;:&quot;&quot;,&quot;caption&quot;:&quot;&quot;,&quot;itemprop&quot;:&quot;image&quot;},{&quot;src&quot;:&quot;https:\\\/\\\/www.ttf-wahn-grengel.de\\\/wp-content\\\/uploads\\\/2017\\\/12\\\/Weihnachtsfeier_Jugend_2017_6.jpg&quot;,&quot;id&quot;:&quot;1768&quot;,&quot;title&quot;:&quot;Weihnachtsfeier_Jugend_2017_6&quot;,&quot;alt&quot;:&quot;&quot;,&quot;caption&quot;:&quot;&quot;,&quot;itemprop&quot;:&quot;image&quot;},{&quot;src&quot;:&quot;https:\\\/\\\/www.ttf-wahn-grengel.de\\\/wp-content\\\/uploads\\\/2017\\\/12\\\/Weihnachtsfeier_Jugend_2017_3.jpg&quot;,&quot;id&quot;:&quot;1765&quot;,&quot;title&quot;:&quot;Weihnachtsfeier_Jugend_2017_3&quot;,&quot;alt&quot;:&quot;&quot;,&quot;caption&quot;:&quot;&quot;,&quot;itemprop&quot;:&quot;image&quot;},{&quot;src&quot;:&quot;https:\\\/\\\/www.ttf-wahn-grengel.de\\\/wp-content\\\/uploads\\\/2017\\\/12\\\/Weihnachtsfeier_Herren_2017_2.jpg&quot;,&quot;id&quot;:&quot;1760&quot;,&quot;title&quot;:&quot;Weihnachtsfeier_Herren_2017_2&quot;,&quot;alt&quot;:&quot;&quot;,&quot;caption&quot;:&quot;&quot;,&quot;itemprop&quot;:&quot;image&quot;}]\" itemscope itemtype=\"https:\/\/schema.org\/ImageGallery\"><\/div>\n<p>Livemusik in Papa Joe`s Jazzlokal sowie ein letztes K\u00f6lsch im K\u00f6lner Untergrund sorgten f\u00fcr ausgelassene Stimmung und einen stimmungsvollen Abend.<\/p>\n<p>Eine Woche sp\u00e4ter brachte der Nachwuchs des jungen Tischtennisvereins seine Vorfreude auf Weihnachten zum Ausdruck. Selbstgebackene Pl\u00e4tzchen und sonstiges Geb\u00e4ck wurde in gem\u00fctlicher Atmosph\u00e4re in der Gastst\u00e4tte Bonerath verzehrt. Traditionell durfte aber auch das Bingo- Spiel nicht fehlen, wobei sich nach einigen Runden strahlende Gewinner \u00fcber kleine Sachpreise freuen durften, die in keiner Tischtennistasche fehlen d\u00fcrfen. B\u00e4lle, Reiniger und Co. fanden ihre neuen Besitzer und zauberten den gl\u00fccklichen Gewinnern ein L\u00e4cheln ins Gesicht.<\/p>\n<p>Nachdem der Jahresabschluss im vergangenen Jahr dem fehlenden Personal zum Opfer fallen musste, freute sich der neu gew\u00e4hlte Vorstand \u00fcber so viele Teilnehmer und den enormen Zuspruch beider Veranstaltungen.<\/p>\n","protected":false},"excerpt":{"rendered":"<p>Die Erwachsenen machten dieses Jahr den Anfang und kamen am Samstag, o9. Dezember zur obligatorischen Weihnachtsfeier zusammen. Den Ausgangspunkt bildete das Brauhaus &#8222;Gaffel am Dom&#8220;, welches zu F\u00fcssen des K\u00f6lner Weltkulturerbes von vielen weiteren Weihnachtsfeierw\u00fctigen belagert wurde. Mit Mettbr\u00f6tchen und&#8230;<\/p>\n","protected":false},"author":3,"featured_media":1759,"parent":1429,"menu_order":0,"comment_status":"closed","ping_status":"closed","template":"","meta":{"jetpack_post_was_ever_published":false,"footnotes":""},"class_list":["post-1780","page","type-page","status-publish","has-post-thumbnail","hentry"],"jetpack_shortlink":"https:\/\/wp.me\/P9jMO0-sI","jetpack_sharing_enabled":true,"_links":{"self":[{"href":"https:\/\/www.ttf-wahn-grengel.de\/index.php?rest_route=\/wp\/v2\/pages\/1780"}],"collection":[{"href":"https:\/\/www.ttf-wahn-grengel.de\/index.php?rest_route=\/wp\/v2\/pages"}],"about":[{"href":"https:\/\/www.ttf-wahn-grengel.de\/index.php?rest_route=\/wp\/v2\/types\/page"}],"author":[{"embeddable":true,"href":"https:\/\/www.ttf-wahn-grengel.de\/index.php?rest_route=\/wp\/v2\/users\/3"}],"replies":[{"embeddable":true,"href":"https:\/\/www.ttf-wahn-grengel.de\/index.php?rest_route=%2Fwp%2Fv2%2Fcomments&post=1780"}],"version-history":[{"count":2,"href":"https:\/\/www.ttf-wahn-grengel.de\/index.php?rest_route=\/wp\/v2\/pages\/1780\/revisions"}],"predecessor-version":[{"id":1782,"href":"https:\/\/www.ttf-wahn-grengel.de\/index.php?rest_route=\/wp\/v2\/pages\/1780\/revisions\/1782"}],"up":[{"embeddable":true,"href":"https:\/\/www.ttf-wahn-grengel.de\/index.php?rest_route=\/wp\/v2\/pages\/1429"}],"wp:featuredmedia":[{"embeddable":true,"href":"https:\/\/www.ttf-wahn-grengel.de\/index.php?rest_route=\/wp\/v2\/media\/1759"}],"wp:attachment":[{"href":"https:\/\/www.ttf-wahn-grengel.de\/index.php?rest_route=%2Fwp%2Fv2%2Fmedia&parent=1780"}],"curies":[{"name":"wp","href":"https:\/\/api.w.org\/{rel}","templated":true}]}}