{"id":18,"date":"2017-10-21T11:13:19","date_gmt":"2017-10-21T09:13:19","guid":{"rendered":"http:\/\/www.ttf-wahn-grengel.de\/?page_id=18"},"modified":"2022-02-16T23:25:33","modified_gmt":"2022-02-16T22:25:33","slug":"anfahrt","status":"publish","type":"page","link":"https:\/\/www.ttf-wahn-grengel.de\/?page_id=18","title":{"rendered":"Anfahrt"},"content":{"rendered":"<h4>Spiellokal 1 in Wahnheide:<\/h4>\n<p><strong>GGS Heideschule, Neue-Heide 25-27, 51147 K\u00f6ln<\/strong><br \/>\n(zum Vergr\u00f6\u00dfern auf die Karte klicken)<\/p>\n<table width=\"200\" border=\"0\" align=\"left\">\n<tbody>\n<tr>\n<td><a href=\"http:\/\/www.ttf-wahn-grengel.de\/\/wp-content\/bilder\/wahn.jpg\" target=\"_blank\" rel=\"noopener\"> <img loading=\"lazy\" decoding=\"async\" src=\"http:\/\/www.ttf-wahn-grengel.de\/\/wp-content\/bilder\/wahn.jpg\" alt=\"\" width=\"280\" height=\"210\"> <\/a><\/td>\n<td><iframe loading=\"lazy\" style=\"border: 0;\" src=\"https:\/\/www.google.com\/maps\/embed?pb=!1m18!1m12!1m3!1d2518.3827584499654!2d7.097021315207814!3d50.86111336557092!2m3!1f0!2f0!3f0!3m2!1i1024!2i768!4f13.1!3m3!1m2!1s0x47bedf42559c55fd%3A0x413756afb9407bd7!2sTisch+Tennis+Freunde+Wahn-Grengel+e.V.!5e0!3m2!1sde!2sde!4v1509440510443\" allowfullscreen=\"allowfullscreen\" width=\"280\" height=\"210\" frameborder=\"0\"><\/iframe><\/td>\n<\/tr>\n<\/tbody>\n<\/table>\n","protected":false},"excerpt":{"rendered":"<p>Spiellokal 1 in Wahnheide: GGS Heideschule, Neue-Heide 25-27, 51147 K\u00f6ln (zum Vergr\u00f6\u00dfern auf die Karte klicken)<\/p>\n","protected":false},"author":3,"featured_media":0,"parent":0,"menu_order":12,"comment_status":"closed","ping_status":"closed","template":"","meta":{"jetpack_post_was_ever_published":false,"footnotes":""},"class_list":["post-18","page","type-page","status-publish","hentry","no-post-thumbnail"],"jetpack_shortlink":"https:\/\/wp.me\/P9jMO0-i","jetpack_sharing_enabled":true,"_links":{"self":[{"href":"https:\/\/www.ttf-wahn-grengel.de\/index.php?rest_route=\/wp\/v2\/pages\/18"}],"collection":[{"href":"https:\/\/www.ttf-wahn-grengel.de\/index.php?rest_route=\/wp\/v2\/pages"}],"about":[{"href":"https:\/\/www.ttf-wahn-grengel.de\/index.php?rest_route=\/wp\/v2\/types\/page"}],"author":[{"embeddable":true,"href":"https:\/\/www.ttf-wahn-grengel.de\/index.php?rest_route=\/wp\/v2\/users\/3"}],"replies":[{"embeddable":true,"href":"https:\/\/www.ttf-wahn-grengel.de\/index.php?rest_route=%2Fwp%2Fv2%2Fcomments&post=18"}],"version-history":[{"count":5,"href":"https:\/\/www.ttf-wahn-grengel.de\/index.php?rest_route=\/wp\/v2\/pages\/18\/revisions"}],"predecessor-version":[{"id":3663,"href":"https:\/\/www.ttf-wahn-grengel.de\/index.php?rest_route=\/wp\/v2\/pages\/18\/revisions\/3663"}],"wp:attachment":[{"href":"https:\/\/www.ttf-wahn-grengel.de\/index.php?rest_route=%2Fwp%2Fv2%2Fmedia&parent=18"}],"curies":[{"name":"wp","href":"https:\/\/api.w.org\/{rel}","templated":true}]}}