{"id":1903,"date":"2018-02-20T16:13:37","date_gmt":"2018-02-20T15:13:37","guid":{"rendered":"http:\/\/www.ttf-wahn-grengel.de\/?page_id=1903"},"modified":"2019-02-13T10:00:11","modified_gmt":"2019-02-13T09:00:11","slug":"mini-meisterschaften-2018","status":"publish","type":"page","link":"https:\/\/www.ttf-wahn-grengel.de\/?page_id=1903","title":{"rendered":"Mini-Meisterschaften 2018"},"content":{"rendered":"<p>Am dritten Februarwochenende versammelten sich im Heimspiellokal der Tischtennisfreunde aus Wahn-Grengel insgesamt 17 Tischtennis-interessierte M\u00e4dchen und Jungen, um mit der schnellsten R\u00fcckschlagsportart der Welt ihre ersten Wettkampferfahrungen zu machen. Beim Ortsentscheid der Minimeisterschaften in Wahnheide k\u00e4mpften im Modus &#8222;Jeder gegen Jeden&#8220; die Kleinen in ihrer jeweiligen Altersklasse um die begehrten Tickets, die zur Teilnahme am Kreisentscheid berechtigen. Tolle Stimmung und an Spannung zum Teil kaum zu \u00fcberbietende Ballwechsel erlebten auch die zahlreichen Eltern, die ihre Kleinen bei diesen Vorhaben unterst\u00fctzten.<\/p>\n<p class=\"jetpack-slideshow-noscript robots-nocontent\">Diese Diashow ben\u00f6tigt JavaScript.<\/p><div id=\"gallery-1903-1-slideshow\" class=\"jetpack-slideshow-window jetpack-slideshow jetpack-slideshow-black\" data-trans=\"fade\" data-autostart=\"1\" data-gallery=\"[{&quot;src&quot;:&quot;https:\\\/\\\/www.ttf-wahn-grengel.de\\\/wp-content\\\/uploads\\\/2018\\\/02\\\/Minimeisterschaften_2018_1.jpg&quot;,&quot;id&quot;:&quot;1907&quot;,&quot;title&quot;:&quot;Minimeisterschaften_2018_1&quot;,&quot;alt&quot;:&quot;&quot;,&quot;caption&quot;:&quot;&quot;,&quot;itemprop&quot;:&quot;image&quot;},{&quot;src&quot;:&quot;https:\\\/\\\/www.ttf-wahn-grengel.de\\\/wp-content\\\/uploads\\\/2018\\\/02\\\/Minimeisterschaften_2018_2.jpg&quot;,&quot;id&quot;:&quot;1908&quot;,&quot;title&quot;:&quot;Minimeisterschaften_2018_2&quot;,&quot;alt&quot;:&quot;&quot;,&quot;caption&quot;:&quot;&quot;,&quot;itemprop&quot;:&quot;image&quot;},{&quot;src&quot;:&quot;https:\\\/\\\/www.ttf-wahn-grengel.de\\\/wp-content\\\/uploads\\\/2018\\\/02\\\/Minimeisterschaften_2018_3.jpg&quot;,&quot;id&quot;:&quot;1909&quot;,&quot;title&quot;:&quot;Minimeisterschaften_2018_3&quot;,&quot;alt&quot;:&quot;&quot;,&quot;caption&quot;:&quot;&quot;,&quot;itemprop&quot;:&quot;image&quot;},{&quot;src&quot;:&quot;https:\\\/\\\/www.ttf-wahn-grengel.de\\\/wp-content\\\/uploads\\\/2018\\\/02\\\/Minimeisterschaften_2018_4.jpg&quot;,&quot;id&quot;:&quot;1910&quot;,&quot;title&quot;:&quot;Minimeisterschaften_2018_4&quot;,&quot;alt&quot;:&quot;&quot;,&quot;caption&quot;:&quot;&quot;,&quot;itemprop&quot;:&quot;image&quot;},{&quot;src&quot;:&quot;https:\\\/\\\/www.ttf-wahn-grengel.de\\\/wp-content\\\/uploads\\\/2018\\\/02\\\/Minimeisterschaften_2018_5.jpg&quot;,&quot;id&quot;:&quot;1911&quot;,&quot;title&quot;:&quot;Minimeisterschaften_2018_5&quot;,&quot;alt&quot;:&quot;&quot;,&quot;caption&quot;:&quot;&quot;,&quot;itemprop&quot;:&quot;image&quot;},{&quot;src&quot;:&quot;https:\\\/\\\/www.ttf-wahn-grengel.de\\\/wp-content\\\/uploads\\\/2018\\\/02\\\/Minimeisterschaften_2018_6.jpg&quot;,&quot;id&quot;:&quot;1912&quot;,&quot;title&quot;:&quot;Minimeisterschaften_2018_6&quot;,&quot;alt&quot;:&quot;&quot;,&quot;caption&quot;:&quot;&quot;,&quot;itemprop&quot;:&quot;image&quot;},{&quot;src&quot;:&quot;https:\\\/\\\/www.ttf-wahn-grengel.de\\\/wp-content\\\/uploads\\\/2018\\\/02\\\/Minimeisterschaften_2018_7-684x1024.jpg&quot;,&quot;id&quot;:&quot;1913&quot;,&quot;title&quot;:&quot;Minimeisterschaften_2018_7&quot;,&quot;alt&quot;:&quot;&quot;,&quot;caption&quot;:&quot;&quot;,&quot;itemprop&quot;:&quot;image&quot;},{&quot;src&quot;:&quot;https:\\\/\\\/www.ttf-wahn-grengel.de\\\/wp-content\\\/uploads\\\/2018\\\/02\\\/Minimeisterschaften_2018_8.jpg&quot;,&quot;id&quot;:&quot;1914&quot;,&quot;title&quot;:&quot;Minimeisterschaften_2018_8&quot;,&quot;alt&quot;:&quot;&quot;,&quot;caption&quot;:&quot;&quot;,&quot;itemprop&quot;:&quot;image&quot;},{&quot;src&quot;:&quot;https:\\\/\\\/www.ttf-wahn-grengel.de\\\/wp-content\\\/uploads\\\/2018\\\/02\\\/Minimeisterschaften_2018_9.jpg&quot;,&quot;id&quot;:&quot;1915&quot;,&quot;title&quot;:&quot;Minimeisterschaften_2018_9&quot;,&quot;alt&quot;:&quot;&quot;,&quot;caption&quot;:&quot;&quot;,&quot;itemprop&quot;:&quot;image&quot;},{&quot;src&quot;:&quot;https:\\\/\\\/www.ttf-wahn-grengel.de\\\/wp-content\\\/uploads\\\/2018\\\/02\\\/Minimeisterschaften_2018_10.jpg&quot;,&quot;id&quot;:&quot;1916&quot;,&quot;title&quot;:&quot;Minimeisterschaften_2018_10&quot;,&quot;alt&quot;:&quot;&quot;,&quot;caption&quot;:&quot;&quot;,&quot;itemprop&quot;:&quot;image&quot;},{&quot;src&quot;:&quot;https:\\\/\\\/www.ttf-wahn-grengel.de\\\/wp-content\\\/uploads\\\/2018\\\/02\\\/Minimeisterschaften_2018_11.jpg&quot;,&quot;id&quot;:&quot;1917&quot;,&quot;title&quot;:&quot;Minimeisterschaften_2018_11&quot;,&quot;alt&quot;:&quot;&quot;,&quot;caption&quot;:&quot;&quot;,&quot;itemprop&quot;:&quot;image&quot;},{&quot;src&quot;:&quot;https:\\\/\\\/www.ttf-wahn-grengel.de\\\/wp-content\\\/uploads\\\/2018\\\/02\\\/Minimeisterschaften_2018_12.jpg&quot;,&quot;id&quot;:&quot;1918&quot;,&quot;title&quot;:&quot;Minimeisterschaften_2018_12&quot;,&quot;alt&quot;:&quot;&quot;,&quot;caption&quot;:&quot;&quot;,&quot;itemprop&quot;:&quot;image&quot;},{&quot;src&quot;:&quot;https:\\\/\\\/www.ttf-wahn-grengel.de\\\/wp-content\\\/uploads\\\/2018\\\/02\\\/Minimeisterschaften_2018_13.jpg&quot;,&quot;id&quot;:&quot;1919&quot;,&quot;title&quot;:&quot;Minimeisterschaften_2018_13&quot;,&quot;alt&quot;:&quot;&quot;,&quot;caption&quot;:&quot;&quot;,&quot;itemprop&quot;:&quot;image&quot;},{&quot;src&quot;:&quot;https:\\\/\\\/www.ttf-wahn-grengel.de\\\/wp-content\\\/uploads\\\/2018\\\/02\\\/Minimeisterschaften_2018_14.jpg&quot;,&quot;id&quot;:&quot;1920&quot;,&quot;title&quot;:&quot;Minimeisterschaften_2018_14&quot;,&quot;alt&quot;:&quot;&quot;,&quot;caption&quot;:&quot;&quot;,&quot;itemprop&quot;:&quot;image&quot;},{&quot;src&quot;:&quot;https:\\\/\\\/www.ttf-wahn-grengel.de\\\/wp-content\\\/uploads\\\/2018\\\/02\\\/Minimeisterschaften_2018_15.jpg&quot;,&quot;id&quot;:&quot;1921&quot;,&quot;title&quot;:&quot;Minimeisterschaften_2018_15&quot;,&quot;alt&quot;:&quot;&quot;,&quot;caption&quot;:&quot;&quot;,&quot;itemprop&quot;:&quot;image&quot;},{&quot;src&quot;:&quot;https:\\\/\\\/www.ttf-wahn-grengel.de\\\/wp-content\\\/uploads\\\/2018\\\/02\\\/Minimeisterschaften_2018_16.jpg&quot;,&quot;id&quot;:&quot;1922&quot;,&quot;title&quot;:&quot;Minimeisterschaften_2018_16&quot;,&quot;alt&quot;:&quot;&quot;,&quot;caption&quot;:&quot;&quot;,&quot;itemprop&quot;:&quot;image&quot;},{&quot;src&quot;:&quot;https:\\\/\\\/www.ttf-wahn-grengel.de\\\/wp-content\\\/uploads\\\/2018\\\/02\\\/Minimeisterschaften_2018_17.jpg&quot;,&quot;id&quot;:&quot;1923&quot;,&quot;title&quot;:&quot;Minimeisterschaften_2018_17&quot;,&quot;alt&quot;:&quot;&quot;,&quot;caption&quot;:&quot;&quot;,&quot;itemprop&quot;:&quot;image&quot;},{&quot;src&quot;:&quot;https:\\\/\\\/www.ttf-wahn-grengel.de\\\/wp-content\\\/uploads\\\/2018\\\/02\\\/Minimeisterschaften_2018_18.jpg&quot;,&quot;id&quot;:&quot;1924&quot;,&quot;title&quot;:&quot;Minimeisterschaften_2018_18&quot;,&quot;alt&quot;:&quot;&quot;,&quot;caption&quot;:&quot;&quot;,&quot;itemprop&quot;:&quot;image&quot;},{&quot;src&quot;:&quot;https:\\\/\\\/www.ttf-wahn-grengel.de\\\/wp-content\\\/uploads\\\/2018\\\/02\\\/Minimeisterschaften_2018_19.jpg&quot;,&quot;id&quot;:&quot;1925&quot;,&quot;title&quot;:&quot;Minimeisterschaften_2018_19&quot;,&quot;alt&quot;:&quot;&quot;,&quot;caption&quot;:&quot;&quot;,&quot;itemprop&quot;:&quot;image&quot;},{&quot;src&quot;:&quot;https:\\\/\\\/www.ttf-wahn-grengel.de\\\/wp-content\\\/uploads\\\/2018\\\/02\\\/Minimeisterschaften_2018_20.jpg&quot;,&quot;id&quot;:&quot;1926&quot;,&quot;title&quot;:&quot;Minimeisterschaften_2018_20&quot;,&quot;alt&quot;:&quot;&quot;,&quot;caption&quot;:&quot;&quot;,&quot;itemprop&quot;:&quot;image&quot;},{&quot;src&quot;:&quot;https:\\\/\\\/www.ttf-wahn-grengel.de\\\/wp-content\\\/uploads\\\/2018\\\/02\\\/Minimeisterschaften_2018_21.jpg&quot;,&quot;id&quot;:&quot;1927&quot;,&quot;title&quot;:&quot;Minimeisterschaften_2018_21&quot;,&quot;alt&quot;:&quot;&quot;,&quot;caption&quot;:&quot;&quot;,&quot;itemprop&quot;:&quot;image&quot;},{&quot;src&quot;:&quot;https:\\\/\\\/www.ttf-wahn-grengel.de\\\/wp-content\\\/uploads\\\/2018\\\/02\\\/Minimeisterschaften_2018_22.jpg&quot;,&quot;id&quot;:&quot;1928&quot;,&quot;title&quot;:&quot;Minimeisterschaften_2018_22&quot;,&quot;alt&quot;:&quot;&quot;,&quot;caption&quot;:&quot;&quot;,&quot;itemprop&quot;:&quot;image&quot;}]\" itemscope itemtype=\"https:\/\/schema.org\/ImageGallery\"><\/div>\n<p>(Bildnachweise: Helmut Nikelis &amp; Christoph Weber)<\/p>\n<p>Eine kleine Cafeteria versorgte die Anwesenden mit neuer Energie und liess auch den obligatorischen Kuchen am Sonntagnachmittag nicht vermissen.<br \/>\nNach einem spannenden Vormittag standen die Sieger der Jahrg\u00e4nge 2009 und j\u00fcnger bereits gegen Mittag fest. Bei den M\u00e4dchen konnte sich Lara Scheven und bei den Jungen ihr Bruder Robin Scheven den obersten Podestplatz erspielen. In den Jahrg\u00e4ngen 2007\/2008 gewann bei den Jungen Nils Poggel die Konkurrenz, dicht gefolgt von Gabriel Lopez-Vega und Linus Pauly. Weibliche Teilnehmerinnen gab es hier keine. Bei den \u00e4ltesten Jahrg\u00e4ngen 2005\/2006 setzte sich Henrik Schmidt vor Malte Aufenanger durch, wobei sich die beiden Freunde bereits \u00fcber die reine Teilnahme am Turnier so begeistern konnten, dass die Platzierung fast schon zur Nebensache wurde.<br \/>\nDie Tischtennisfreunde aus Wahn-Grengel bedanken sich bei allen Spielerinnen und Spielern f\u00fcr ihre Teilnahme und w\u00fcnscht insbesondere den Qualifikanten f\u00fcr die Teilnahme am Kreisentscheid viel Spa\u00df und auch Erfolg.<\/p>\n<h4>Ergebnisse der Jungen bis 8 Jahre<\/h4>\n<table>\n<tbody>\n<tr>\n<td width=\"28\"><strong> 1.<\/strong><\/td>\n<td width=\"100\"><b>Robin Scheven<br \/>\n<\/b><\/td>\n<td width=\"198\"><\/td>\n<\/tr>\n<tr>\n<td width=\"28\"><strong> 2.<\/strong><\/td>\n<td width=\"100\"><b>Meiko Nikelis<br \/>\n<\/b><\/td>\n<td width=\"198\"><\/td>\n<\/tr>\n<tr>\n<td width=\"28\"><strong> 3.<\/strong><\/td>\n<td width=\"100\"><b>Konstantin Ludwig<br \/>\n<\/b><\/td>\n<td width=\"198\"><\/td>\n<\/tr>\n<\/tbody>\n<\/table>\n<h4>Ergebnisse der M\u00e4dchen bis 8 Jahre<\/h4>\n<table>\n<tbody>\n<tr>\n<td width=\"28\"><strong> 1.<\/strong><\/td>\n<td width=\"100\"><strong>Lara Scheven<br \/>\n<\/strong><\/td>\n<td width=\"198\"><\/td>\n<\/tr>\n<tr>\n<td width=\"28\"><strong> 2.<\/strong><\/td>\n<td width=\"100\"><strong>Zahra Khamis<br \/>\n<\/strong><\/td>\n<td width=\"198\"><\/td>\n<\/tr>\n<tr>\n<td width=\"28\"><strong> 3.<\/strong><\/td>\n<td width=\"100\"><strong>Janat Khamis<br \/>\n<\/strong><\/td>\n<td width=\"198\"><\/td>\n<\/tr>\n<tr>\n<td width=\"28\"><strong> 4.<\/strong><\/td>\n<td width=\"100\"><strong>Kathirvel Kanmani<br \/>\n<\/strong><\/td>\n<td width=\"198\"><\/td>\n<\/tr>\n<\/tbody>\n<\/table>\n<h4>Ergebnisse der Jungen bis 9\/10 Jahre<\/h4>\n<table>\n<tbody>\n<tr>\n<td width=\"28\"><strong> 1.<\/strong><\/td>\n<td width=\"100\"><b>Nils Poggel<br \/>\n<\/b><\/td>\n<td width=\"198\"><\/td>\n<\/tr>\n<tr>\n<td width=\"28\"><strong> 2.<\/strong><\/td>\n<td width=\"100\"><strong>Gabriel Vega-Lopez<br \/>\n<\/strong><\/td>\n<td width=\"198\"><\/td>\n<\/tr>\n<tr>\n<td width=\"28\"><strong> 3.<\/strong><\/td>\n<td width=\"100\"><strong>Linus Pauly<br \/>\n<\/strong><\/td>\n<td width=\"198\"><\/td>\n<\/tr>\n<tr>\n<td width=\"28\"><strong> 4.<\/strong><\/td>\n<td width=\"100\"><strong>Alejandro Vega-Lopez<br \/>\n<\/strong><\/td>\n<td width=\"198\"><\/td>\n<\/tr>\n<tr>\n<td width=\"28\"><strong> 5.<\/strong><\/td>\n<td width=\"100\"><b>Luka Strauch<br \/>\n<\/b><\/td>\n<td width=\"198\"><\/td>\n<\/tr>\n<tr>\n<td width=\"28\"><strong> 6.<\/strong><\/td>\n<td width=\"100\"><strong>Kasimir Ludwig<br \/>\n<\/strong><\/td>\n<td width=\"198\"><\/td>\n<\/tr>\n<tr>\n<td width=\"28\"><strong> 7.<\/strong><\/td>\n<td width=\"100\"><strong>Mustafa El Mesaudi<br \/>\n<\/strong><\/td>\n<td width=\"198\"><\/td>\n<\/tr>\n<tr>\n<td width=\"28\"><strong> 8.<\/strong><\/td>\n<td width=\"100\"><strong>Yaron Holbein<br \/>\n<\/strong><\/td>\n<td width=\"198\"><\/td>\n<\/tr>\n<\/tbody>\n<\/table>\n<h4>Ergebnisse der Jungen bis 11\/12 Jahre<\/h4>\n<table>\n<tbody>\n<tr>\n<td width=\"28\"><strong> 1.<\/strong><\/td>\n<td width=\"100\"><strong>Henrik Schmidt<br \/>\n<\/strong><\/td>\n<td width=\"198\"><\/td>\n<\/tr>\n<tr>\n<td width=\"28\"><strong> 2.<\/strong><\/td>\n<td width=\"100\"><strong>Malte Aufenanger<br \/>\n<\/strong><\/td>\n<td width=\"198\"><\/td>\n<\/tr>\n<\/tbody>\n<\/table>\n","protected":false},"excerpt":{"rendered":"<p>Am dritten Februarwochenende versammelten sich im Heimspiellokal der Tischtennisfreunde aus Wahn-Grengel insgesamt 17 Tischtennis-interessierte M\u00e4dchen und Jungen, um mit der schnellsten R\u00fcckschlagsportart der Welt ihre ersten Wettkampferfahrungen zu machen. Beim Ortsentscheid der Minimeisterschaften in Wahnheide k\u00e4mpften im Modus &#8222;Jeder gegen&#8230;<\/p>\n","protected":false},"author":3,"featured_media":0,"parent":0,"menu_order":0,"comment_status":"closed","ping_status":"closed","template":"","meta":{"jetpack_post_was_ever_published":false,"footnotes":""},"class_list":["post-1903","page","type-page","status-publish","hentry","no-post-thumbnail"],"jetpack_shortlink":"https:\/\/wp.me\/P9jMO0-uH","jetpack_sharing_enabled":true,"_links":{"self":[{"href":"https:\/\/www.ttf-wahn-grengel.de\/index.php?rest_route=\/wp\/v2\/pages\/1903"}],"collection":[{"href":"https:\/\/www.ttf-wahn-grengel.de\/index.php?rest_route=\/wp\/v2\/pages"}],"about":[{"href":"https:\/\/www.ttf-wahn-grengel.de\/index.php?rest_route=\/wp\/v2\/types\/page"}],"author":[{"embeddable":true,"href":"https:\/\/www.ttf-wahn-grengel.de\/index.php?rest_route=\/wp\/v2\/users\/3"}],"replies":[{"embeddable":true,"href":"https:\/\/www.ttf-wahn-grengel.de\/index.php?rest_route=%2Fwp%2Fv2%2Fcomments&post=1903"}],"version-history":[{"count":7,"href":"https:\/\/www.ttf-wahn-grengel.de\/index.php?rest_route=\/wp\/v2\/pages\/1903\/revisions"}],"predecessor-version":[{"id":3137,"href":"https:\/\/www.ttf-wahn-grengel.de\/index.php?rest_route=\/wp\/v2\/pages\/1903\/revisions\/3137"}],"wp:attachment":[{"href":"https:\/\/www.ttf-wahn-grengel.de\/index.php?rest_route=%2Fwp%2Fv2%2Fmedia&parent=1903"}],"curies":[{"name":"wp","href":"https:\/\/api.w.org\/{rel}","templated":true}]}}