{"id":294,"date":"2010-07-14T21:05:08","date_gmt":"2010-07-14T20:05:08","guid":{"rendered":"http:\/\/www.ttf-wahn-grengel.de\/?page_id=294"},"modified":"2017-10-27T10:49:25","modified_gmt":"2017-10-27T08:49:25","slug":"brettchenturnier-2009","status":"publish","type":"page","link":"https:\/\/www.ttf-wahn-grengel.de\/?page_id=294","title":{"rendered":"Brettchenturnier 2009"},"content":{"rendered":"<p class=\"jetpack-slideshow-noscript robots-nocontent\">Diese Diashow ben\u00f6tigt JavaScript.<\/p><div id=\"gallery-294-1-slideshow\" class=\"jetpack-slideshow-window jetpack-slideshow jetpack-slideshow-black\" data-trans=\"fade\" data-autostart=\"1\" data-gallery=\"[{&quot;src&quot;:&quot;https:\\\/\\\/www.ttf-wahn-grengel.de\\\/wp-content\\\/uploads\\\/2010\\\/07\\\/Brettchenturnier_2009_1.jpg&quot;,&quot;id&quot;:&quot;1413&quot;,&quot;title&quot;:&quot;Brettchenturnier_2009_1&quot;,&quot;alt&quot;:&quot;&quot;,&quot;caption&quot;:&quot;&quot;,&quot;itemprop&quot;:&quot;image&quot;},{&quot;src&quot;:&quot;https:\\\/\\\/www.ttf-wahn-grengel.de\\\/wp-content\\\/uploads\\\/2010\\\/07\\\/Brettchenturnier_2009_2.jpg&quot;,&quot;id&quot;:&quot;1414&quot;,&quot;title&quot;:&quot;Brettchenturnier_2009_2&quot;,&quot;alt&quot;:&quot;&quot;,&quot;caption&quot;:&quot;&quot;,&quot;itemprop&quot;:&quot;image&quot;},{&quot;src&quot;:&quot;https:\\\/\\\/www.ttf-wahn-grengel.de\\\/wp-content\\\/uploads\\\/2010\\\/07\\\/Brettchenturnier_2009_3.jpg&quot;,&quot;id&quot;:&quot;1415&quot;,&quot;title&quot;:&quot;Brettchenturnier_2009_3&quot;,&quot;alt&quot;:&quot;&quot;,&quot;caption&quot;:&quot;&quot;,&quot;itemprop&quot;:&quot;image&quot;},{&quot;src&quot;:&quot;https:\\\/\\\/www.ttf-wahn-grengel.de\\\/wp-content\\\/uploads\\\/2010\\\/07\\\/Brettchenturnier_2009_4.jpg&quot;,&quot;id&quot;:&quot;1416&quot;,&quot;title&quot;:&quot;Brettchenturnier_2009_4&quot;,&quot;alt&quot;:&quot;&quot;,&quot;caption&quot;:&quot;&quot;,&quot;itemprop&quot;:&quot;image&quot;},{&quot;src&quot;:&quot;https:\\\/\\\/www.ttf-wahn-grengel.de\\\/wp-content\\\/uploads\\\/2010\\\/07\\\/Brettchenturnier_2009_5.jpg&quot;,&quot;id&quot;:&quot;1417&quot;,&quot;title&quot;:&quot;Brettchenturnier_2009_5&quot;,&quot;alt&quot;:&quot;&quot;,&quot;caption&quot;:&quot;&quot;,&quot;itemprop&quot;:&quot;image&quot;}]\" itemscope itemtype=\"https:\/\/schema.org\/ImageGallery\"><\/div>\n<p>Auch im Jahr 2009 veranstalteten die Tischtennisfreunde wieder ein Brettchenturnier. W\u00e4hrend bei den Vereinsmeisterschaften das sportliche Ergebnis im Vordergrund stand, geht es beim Brettchenturnier traditionell eher um einen spa\u00dfigen Vereinsabend. Nicht f\u00fcr Wenige stellt das Turnier daher das heimliche Highlight des Vereinskalenders dar.<\/p>\n<h4>Brettchenturnier?<\/h4>\n<p>Der Name bezieht sich auf das einheitliche Schl\u00e4germaterial, mit dem jeder spielen muss. Es handelt sich um reine Noppen-Au\u00dfen-Schl\u00e4ger ohne Schwamm &#8211; die sogenannten Brettchen. Startberechtigt waren alle Vereinsmitglieder ab 16 Jahren. Um das Spielsystem &#8222;Jeder gegen Jeden&#8220; durchf\u00fchren zu k\u00f6nnen, wurde das alte Z\u00e4hlsystem bis 21 Punkte wiederbelebt.<\/p>\n<h4>Ergebnisse<\/h4>\n<p>Im Laufe des Turnieres trafen sehr unterschiedliche Spielweisen aufeinander. Jeder versuchte auf seine eigene Art, mit dem ungewohnten Schl\u00e4ger umzugehen. Die Einen versuchten es mit ihrem normalen Topspinspiel, w\u00e4hrend sich Andere fast nur auf die Abwehr beschr\u00e4nkten.<br \/>\nLetztendlich setzte sich zum dritten Mal in Folge Pascal Rieboldt als Turniersieger durch. Er verwies Sabrina Krengel auf den 2. sowie Dennis Faust und Christoph Weber auf den gemeinsamen 3. Platz.<br \/>\nVor, w\u00e4hrend und nach dem Turnier wurde kr\u00e4ftig gefeiert. Zwar gab es zwischenzeitlich einen kurzen Regenschauer aber insgesamt hatte man mit dem Wetter Gl\u00fcck, so dass man lange auch drau\u00dfen zusammensitzen konnte.<\/p>\n","protected":false},"excerpt":{"rendered":"<p>Auch im Jahr 2009 veranstalteten die Tischtennisfreunde wieder ein Brettchenturnier. W\u00e4hrend bei den Vereinsmeisterschaften das sportliche Ergebnis im Vordergrund stand, geht es beim Brettchenturnier traditionell eher um einen spa\u00dfigen Vereinsabend. Nicht f\u00fcr Wenige stellt das Turnier daher das heimliche Highlight&#8230;<\/p>\n","protected":false},"author":3,"featured_media":0,"parent":1409,"menu_order":0,"comment_status":"closed","ping_status":"closed","template":"","meta":{"jetpack_post_was_ever_published":false,"footnotes":""},"class_list":["post-294","page","type-page","status-publish","hentry","no-post-thumbnail"],"jetpack_shortlink":"https:\/\/wp.me\/P9jMO0-4K","jetpack_sharing_enabled":true,"_links":{"self":[{"href":"https:\/\/www.ttf-wahn-grengel.de\/index.php?rest_route=\/wp\/v2\/pages\/294"}],"collection":[{"href":"https:\/\/www.ttf-wahn-grengel.de\/index.php?rest_route=\/wp\/v2\/pages"}],"about":[{"href":"https:\/\/www.ttf-wahn-grengel.de\/index.php?rest_route=\/wp\/v2\/types\/page"}],"author":[{"embeddable":true,"href":"https:\/\/www.ttf-wahn-grengel.de\/index.php?rest_route=\/wp\/v2\/users\/3"}],"replies":[{"embeddable":true,"href":"https:\/\/www.ttf-wahn-grengel.de\/index.php?rest_route=%2Fwp%2Fv2%2Fcomments&post=294"}],"version-history":[{"count":2,"href":"https:\/\/www.ttf-wahn-grengel.de\/index.php?rest_route=\/wp\/v2\/pages\/294\/revisions"}],"predecessor-version":[{"id":1418,"href":"https:\/\/www.ttf-wahn-grengel.de\/index.php?rest_route=\/wp\/v2\/pages\/294\/revisions\/1418"}],"up":[{"embeddable":true,"href":"https:\/\/www.ttf-wahn-grengel.de\/index.php?rest_route=\/wp\/v2\/pages\/1409"}],"wp:attachment":[{"href":"https:\/\/www.ttf-wahn-grengel.de\/index.php?rest_route=%2Fwp%2Fv2%2Fmedia&parent=294"}],"curies":[{"name":"wp","href":"https:\/\/api.w.org\/{rel}","templated":true}]}}