{"id":295,"date":"2010-07-14T21:06:52","date_gmt":"2010-07-14T20:06:52","guid":{"rendered":"http:\/\/www.ttf-wahn-grengel.de\/?page_id=295"},"modified":"2017-12-24T11:23:21","modified_gmt":"2017-12-24T10:23:21","slug":"weihnachtsfeier-2009","status":"publish","type":"page","link":"https:\/\/www.ttf-wahn-grengel.de\/?page_id=295","title":{"rendered":"Weihnachtsfeier 2009"},"content":{"rendered":"<p class=\"jetpack-slideshow-noscript robots-nocontent\">Diese Diashow ben\u00f6tigt JavaScript.<\/p><div id=\"gallery-295-1-slideshow\" class=\"jetpack-slideshow-window jetpack-slideshow jetpack-slideshow-black\" data-trans=\"fade\" data-autostart=\"1\" data-gallery=\"[{&quot;src&quot;:&quot;https:\\\/\\\/www.ttf-wahn-grengel.de\\\/wp-content\\\/uploads\\\/2010\\\/07\\\/Weihnachtsfeier_2009_1.jpg&quot;,&quot;id&quot;:&quot;1445&quot;,&quot;title&quot;:&quot;Weihnachtsfeier_2009_1&quot;,&quot;alt&quot;:&quot;&quot;,&quot;caption&quot;:&quot;&quot;,&quot;itemprop&quot;:&quot;image&quot;},{&quot;src&quot;:&quot;https:\\\/\\\/www.ttf-wahn-grengel.de\\\/wp-content\\\/uploads\\\/2010\\\/07\\\/Weihnachtsfeier_2009_2.jpg&quot;,&quot;id&quot;:&quot;1446&quot;,&quot;title&quot;:&quot;Weihnachtsfeier_2009_2&quot;,&quot;alt&quot;:&quot;&quot;,&quot;caption&quot;:&quot;&quot;,&quot;itemprop&quot;:&quot;image&quot;},{&quot;src&quot;:&quot;https:\\\/\\\/www.ttf-wahn-grengel.de\\\/wp-content\\\/uploads\\\/2010\\\/07\\\/Weihnachtsfeier_2009_3.jpg&quot;,&quot;id&quot;:&quot;1447&quot;,&quot;title&quot;:&quot;Weihnachtsfeier_2009_3&quot;,&quot;alt&quot;:&quot;&quot;,&quot;caption&quot;:&quot;&quot;,&quot;itemprop&quot;:&quot;image&quot;},{&quot;src&quot;:&quot;https:\\\/\\\/www.ttf-wahn-grengel.de\\\/wp-content\\\/uploads\\\/2010\\\/07\\\/Weihnachtsfeier_2009_4.jpg&quot;,&quot;id&quot;:&quot;1448&quot;,&quot;title&quot;:&quot;Weihnachtsfeier_2009_4&quot;,&quot;alt&quot;:&quot;&quot;,&quot;caption&quot;:&quot;&quot;,&quot;itemprop&quot;:&quot;image&quot;},{&quot;src&quot;:&quot;https:\\\/\\\/www.ttf-wahn-grengel.de\\\/wp-content\\\/uploads\\\/2010\\\/07\\\/Weihnachtsfeier_2009_5.jpg&quot;,&quot;id&quot;:&quot;1449&quot;,&quot;title&quot;:&quot;Weihnachtsfeier_2009_5&quot;,&quot;alt&quot;:&quot;&quot;,&quot;caption&quot;:&quot;&quot;,&quot;itemprop&quot;:&quot;image&quot;},{&quot;src&quot;:&quot;https:\\\/\\\/www.ttf-wahn-grengel.de\\\/wp-content\\\/uploads\\\/2010\\\/07\\\/Weihnachtsfeier_2009_6.jpg&quot;,&quot;id&quot;:&quot;1450&quot;,&quot;title&quot;:&quot;Weihnachtsfeier_2009_6&quot;,&quot;alt&quot;:&quot;&quot;,&quot;caption&quot;:&quot;&quot;,&quot;itemprop&quot;:&quot;image&quot;},{&quot;src&quot;:&quot;https:\\\/\\\/www.ttf-wahn-grengel.de\\\/wp-content\\\/uploads\\\/2010\\\/07\\\/Weihnachtsfeier_2009_7.jpg&quot;,&quot;id&quot;:&quot;1451&quot;,&quot;title&quot;:&quot;Weihnachtsfeier_2009_7&quot;,&quot;alt&quot;:&quot;&quot;,&quot;caption&quot;:&quot;&quot;,&quot;itemprop&quot;:&quot;image&quot;}]\" itemscope itemtype=\"https:\/\/schema.org\/ImageGallery\"><\/div>\n<p>Traditionell gibt es f\u00fcr die Jugend der Tischtennisfreunde Anfang Dezember eine Weihnachtsfeier. St\u00fchler\u00fccken und Tische umstellen hie\u00df es zu Beginn der Veranstaltung. Der erfreuliche Zuwachs in der Jugendabteilung und vor Allem bei den B-Sch\u00fclern machte sich auch hier bemerkbar. Zwischen 40 und 50 Eltern und Kinder fanden sich in der Gastst\u00e4tte Bonerath ein und \u00fcbertrafen damit die Beteiligung im Vorjahr deutlich.<br \/>\nBei Pl\u00e4tzchen und Kuchen gab es so die Gelegenheit, sich untereinander n\u00e4her kennenzulernen. F\u00fcr die vielen mitgebrachten Leckereien bedanken wir uns bei allen Eltern recht herzlich. In den n\u00e4chsten Trainingseinheiten wird sich der Abend wohl noch bemerkbar machen.<br \/>\nNach der Er\u00f6ffnung des Kuchenbuffets wurden zun\u00e4chst eine Runde Bingo gespielt, wobei es auch kleine Preise zu gewinnen gab. Im Anschluss wurden die Spieler und Spielerinnen f\u00fcr die Erfolge im Jahr 2009 geehrt.<br \/>\nEine besondere \u00dcberraschung gab es f\u00fcr unsere 1. B-Sch\u00fclermannschaft. Diese hatte am vergangenen Wochenende eine tolle Saison gekr\u00f6nt, indem sie in Heiligenhaus den Kreismeistertitel erringen konnte. F\u00fcr die anwesenden Spieler Bj\u00f6rn Schwientek, Jan Sonnenberg, Florian Epstein und Deniz Simsekoglu gab es je ein Kreismeister-T-Shirt mit dem Namen des Spielers auf der Brust. Auch f\u00fcr den erkrankten Cedric Bethke gibt es nat\u00fcrlich ein solches Trikot.<br \/>\nTraditionell findet die Siegerehrung der Vereinsmeistermit Pokal\u00fcbergabe bei den Tischtennisfreunden auf der j\u00e4hrlichen Weihnachtsfeier statt. So m\u00fcssen sich die Sieger zwar etwas gedulden, jedoch k\u00f6nnen sie an Weihnachten auch vor einem gro\u00dfen Publikum geehrt werden.<\/p>\n","protected":false},"excerpt":{"rendered":"<p>Traditionell gibt es f\u00fcr die Jugend der Tischtennisfreunde Anfang Dezember eine Weihnachtsfeier. St\u00fchler\u00fccken und Tische umstellen hie\u00df es zu Beginn der Veranstaltung. Der erfreuliche Zuwachs in der Jugendabteilung und vor Allem bei den B-Sch\u00fclern machte sich auch hier bemerkbar. Zwischen&#8230;<\/p>\n","protected":false},"author":3,"featured_media":0,"parent":1429,"menu_order":0,"comment_status":"closed","ping_status":"closed","template":"","meta":{"jetpack_post_was_ever_published":false,"footnotes":""},"class_list":["post-295","page","type-page","status-publish","hentry","no-post-thumbnail"],"jetpack_shortlink":"https:\/\/wp.me\/P9jMO0-4L","jetpack_sharing_enabled":true,"_links":{"self":[{"href":"https:\/\/www.ttf-wahn-grengel.de\/index.php?rest_route=\/wp\/v2\/pages\/295"}],"collection":[{"href":"https:\/\/www.ttf-wahn-grengel.de\/index.php?rest_route=\/wp\/v2\/pages"}],"about":[{"href":"https:\/\/www.ttf-wahn-grengel.de\/index.php?rest_route=\/wp\/v2\/types\/page"}],"author":[{"embeddable":true,"href":"https:\/\/www.ttf-wahn-grengel.de\/index.php?rest_route=\/wp\/v2\/users\/3"}],"replies":[{"embeddable":true,"href":"https:\/\/www.ttf-wahn-grengel.de\/index.php?rest_route=%2Fwp%2Fv2%2Fcomments&post=295"}],"version-history":[{"count":2,"href":"https:\/\/www.ttf-wahn-grengel.de\/index.php?rest_route=\/wp\/v2\/pages\/295\/revisions"}],"predecessor-version":[{"id":1452,"href":"https:\/\/www.ttf-wahn-grengel.de\/index.php?rest_route=\/wp\/v2\/pages\/295\/revisions\/1452"}],"up":[{"embeddable":true,"href":"https:\/\/www.ttf-wahn-grengel.de\/index.php?rest_route=\/wp\/v2\/pages\/1429"}],"wp:attachment":[{"href":"https:\/\/www.ttf-wahn-grengel.de\/index.php?rest_route=%2Fwp%2Fv2%2Fmedia&parent=295"}],"curies":[{"name":"wp","href":"https:\/\/api.w.org\/{rel}","templated":true}]}}