{"id":5,"date":"2008-10-10T16:21:22","date_gmt":"2008-10-10T14:21:22","guid":{"rendered":"http:\/\/www.ttf-wahn-grengel.de\/?page_id=5"},"modified":"2024-08-18T22:29:14","modified_gmt":"2024-08-18T20:29:14","slug":"herren","status":"publish","type":"page","link":"https:\/\/www.ttf-wahn-grengel.de\/?page_id=5","title":{"rendered":"Herren &#8211; Saisonziele"},"content":{"rendered":"<h3>Klassenerhalt als Ziel f\u00fcr die Saison 2024\/2025<\/h3>\n<p>Die <a href=\"http:\/\/www.ttf-wahn-grengel.de\/?page_id=282\"><strong>1. Herren<\/strong><\/a> Mannschaft der TTF Wahn-Grengel blickt auf eine \u00e4u\u00dferst turbulente Spielzeit 2023\/2024 zur\u00fcck. Unbest\u00e4ndigkeit und sportlicher Mi\u00dferfolg f\u00fchrten zur logischen Konsequenz des Umdenkens. Der freiwillige R\u00fcckzug und Neuanfang in der 2. Bezirksliga als 4er- Mannschaft soll nun Stabilit\u00e4t und sportliche Perspektive schaffen.<\/p>\n<p>Durch die vergleichsweise starke Aufstellung der Tischtennisfreunde sollte das Saisonziel lauten, einen der vorderen Tabellenpl\u00e4tze zu erreichen und mit einem Auge auf die Aufstiegspl\u00e4ze zu blicken.<\/p>\n<p>Die <strong><a title=\"2. Herren\" href=\"http:\/\/www.ttf-wahn-grengel.de\/?page_id=283\" target=\"_blank\" rel=\"noopener noreferrer\">2. Herren<\/a><\/strong> tritt ebenfalls als Vierermannschaft an und blickt in der 3. Bezirksklasse 7 auf die bevorstehende Spielzeit. In der laufenden Saison 2024\/2025 hoffen die Tischtennisfreunde um Mannschaftsf\u00fchrer Simon Plewnia auf den fr\u00fchzeitigen Klassenerhalt und w\u00fcnschen sich -insbesondere vor heimischer Kullisse- attraktive Spiele und einen fairen Kampf um den Klassenerhalt.<\/p>\n<p>Wie immer sind Zuschauer zu den Heimspielen herzlich willkommen. Die jeweils aktuellen Spieltermine werden unter <strong><a href=\"http:\/\/www.ttf-wahn-grengel.de\" target=\"_blank\" rel=\"noopener noreferrer\">www.ttf-wahn-grengel.de<\/a><\/strong> ver\u00f6ffentlicht.<\/p>\n","protected":false},"excerpt":{"rendered":"<p>Klassenerhalt als Ziel f\u00fcr die Saison 2024\/2025 Die 1. Herren Mannschaft der TTF Wahn-Grengel blickt auf eine \u00e4u\u00dferst turbulente Spielzeit 2023\/2024 zur\u00fcck. Unbest\u00e4ndigkeit und sportlicher Mi\u00dferfolg f\u00fchrten zur logischen Konsequenz des Umdenkens. Der freiwillige R\u00fcckzug und Neuanfang in der 2&#8230;.<\/p>\n","protected":false},"author":3,"featured_media":813,"parent":0,"menu_order":30,"comment_status":"closed","ping_status":"closed","template":"","meta":{"jetpack_post_was_ever_published":false,"footnotes":""},"class_list":["post-5","page","type-page","status-publish","has-post-thumbnail","hentry"],"jetpack_shortlink":"https:\/\/wp.me\/P9jMO0-5","jetpack_sharing_enabled":true,"_links":{"self":[{"href":"https:\/\/www.ttf-wahn-grengel.de\/index.php?rest_route=\/wp\/v2\/pages\/5"}],"collection":[{"href":"https:\/\/www.ttf-wahn-grengel.de\/index.php?rest_route=\/wp\/v2\/pages"}],"about":[{"href":"https:\/\/www.ttf-wahn-grengel.de\/index.php?rest_route=\/wp\/v2\/types\/page"}],"author":[{"embeddable":true,"href":"https:\/\/www.ttf-wahn-grengel.de\/index.php?rest_route=\/wp\/v2\/users\/3"}],"replies":[{"embeddable":true,"href":"https:\/\/www.ttf-wahn-grengel.de\/index.php?rest_route=%2Fwp%2Fv2%2Fcomments&post=5"}],"version-history":[{"count":13,"href":"https:\/\/www.ttf-wahn-grengel.de\/index.php?rest_route=\/wp\/v2\/pages\/5\/revisions"}],"predecessor-version":[{"id":3809,"href":"https:\/\/www.ttf-wahn-grengel.de\/index.php?rest_route=\/wp\/v2\/pages\/5\/revisions\/3809"}],"wp:featuredmedia":[{"embeddable":true,"href":"https:\/\/www.ttf-wahn-grengel.de\/index.php?rest_route=\/wp\/v2\/media\/813"}],"wp:attachment":[{"href":"https:\/\/www.ttf-wahn-grengel.de\/index.php?rest_route=%2Fwp%2Fv2%2Fmedia&parent=5"}],"curies":[{"name":"wp","href":"https:\/\/api.w.org\/{rel}","templated":true}]}}