{"id":60,"date":"2008-11-07T16:40:08","date_gmt":"2008-11-07T14:40:08","guid":{"rendered":"http:\/\/www.ttf-wahn-grengel.de\/?page_id=60"},"modified":"2022-02-16T23:23:21","modified_gmt":"2022-02-16T22:23:21","slug":"mitgliedschaft","status":"publish","type":"page","link":"https:\/\/www.ttf-wahn-grengel.de\/?page_id=60","title":{"rendered":"Mitgliedschaft"},"content":{"rendered":"<p>Wir freuen uns, dass Sie sich f\u00fcr eine Mitgliedschaft bei den Tischtennisfreunden Wahn-Grengel interessieren.<br \/>\nInformationen zu unserem Trainingsangebot, dem Vereinsleben und unserer Teilnahme an Meisterschaftsspielen finden Sie auf diesen Internetseiten. Sollten dar\u00fcberhinaus noch Fragen offen bleiben, z\u00f6gern Sie nicht unsere <a href=\"http:\/\/www.ttf-wahn-grengel.de\/?page_id=16\">Ansprechpartner <\/a>zu kontaktieren.<\/p>\n<p>Nat\u00fcrlich k\u00f6nnen Sie sich auch jederzeit ein eigenes Bild vor Ort machen. Schauen Sie einfach zu unseren \u00fcblichen <a href=\"http:\/\/www.ttf-wahn-grengel.de\/?page_id=14\" target=\"_blank\" rel=\"noopener\">Trainingszeiten<\/a> vorbei und absolvieren ein Probetraining. Sowohl Kindern und Jugendlichen als auch Erwachsenen bieten wir die M\u00f6glichkeit auf diese Weise unverbindlich unseren Verein kennenzulernen.<\/p>\n<hr \/>\n<h4>Beitr\u00e4ge:<\/h4>\n<table border=\"0\" width=\"100%\">\n<tbody>\n<tr>\n<td width=\"50%\">Erwachsene<\/td>\n<td>10,00 EUR pro Monat<\/td>\n<\/tr>\n<tr>\n<td>Kinder\/Jugendliche (unter 18 Jahren)<\/td>\n<td>8,00 EUR pro Monat<\/td>\n<\/tr>\n<tr>\n<td>Passive Mitglieder<\/td>\n<td>4,00 EUR pro Monat<\/td>\n<\/tr>\n<\/tbody>\n<\/table>\n<table border=\"0\">\n<tbody>\n<tr>\n<td><\/td>\n<\/tr>\n<tr>\n<td><\/td>\n<\/tr>\n<tr>\n<td>zzgl. <strong>einmaliger Aufnahmegeb\u00fchr<\/strong> in H\u00f6he von 5,00 EUR<\/td>\n<\/tr>\n<\/tbody>\n<\/table>\n<p>Haben Sie sich bereits zu einer Mitgliedschaft entschlossen, k\u00f6nnen Sie hier den <strong><a href=\"http:\/\/www.ttf-wahn-grengel.de\/wp-content\/uploads\/2022\/02\/Aufnahmeantrag-TTF-W-G_2022.pdf\" target=\"_blank\" rel=\"noopener\">Aufnahmeantrag<\/a><\/strong> herunterladen.<br \/>\nAlternativ erhalten Sie den Antrag auch bei unserem Vorstand und dem Trainerteam.<\/p>\n<hr \/>\n<h4>F\u00f6rderung von Kindern und Jugendlichen einkommensschwacher Familien<\/h4>\n<p>Seit 2011 erhalten bed\u00fcrftige Kinder und Jugendliche neben ihrem monatlichen Regelbedarf auch Leistungen f\u00fcr Bildung und Teilhabe. Das Bildungs- und Teilhabepaket soll bed\u00fcrftigen Kindern u.a. das Mitmachen bei Sport, Spiel und Kultur (z.B. regelm\u00e4\u00dfige Teilnahme am Vereinssport) erm\u00f6glichen.<\/p>\n<p>Weitere Informationen erhalten Sie <a href=\"https:\/\/www.tischtennis.de\/fileadmin\/images\/20_MeinSport\/30_Spiel_Mit\/2021\/Bildungs_und_Teilhabepaket.pdf\" target=\"_blank\" rel=\"noopener\">hier.<\/a><\/p>\n<h4>Kostenloser Spiel mit! Tischtennisschl\u00e4ger von DTTB und Butterfly<\/h4>\n<div class=\"altesDesign  m-b-4xl\">\n<div id=\"c31084\" class=\"cl-after m-b-6xl\">\n<div class=\"ce-textpic ce-right ce-intext\">\n<div class=\"ce-bodytext\">\n<div class=\"txt-l\">\n<p>Die Kampagne <b>&#8222;Tischtennis: Spiel mit!<\/b>&#8220; hat sich zum Ziel gesetzt, die soziale Integration von Kindern und Jugendlichen zu f\u00f6rdern und die Vereine zu motivieren, sich dieser Aufgabe anzunehmen. Gro\u00dfes Potenzial sehen wir bei Kindern und Jugendlichen aus einkommensschwachen Familien.<\/p>\n<\/div>\n<\/div>\n<\/div>\n<\/div>\n<\/div>\n<div class=\"altesDesign  m-b-4xl\">\n<div id=\"c38846\" class=\"cl-after\">\n<div class=\"ce-textpic ce-right ce-intext\">\n<div class=\"ce-bodytext\">\n<p>Zum Einstieg in dieses Themenfeld vergibt der DTTB jedem Kind und Jugendlichen, die nach dem <a class=\"download\" title=\"Opens external link in new window\" href=\"https:\/\/www.tischtennis.de\/fileadmin\/images\/20_MeinSport\/30_Spiel_Mit\/2021\/Bildungs_und_Teilhabepaket.pdf\" target=\"_blank\" rel=\"noopener\">Teilhabe- und Bildungspaket<\/a> f\u00f6rderf\u00e4hig sind und einem Verein angeh\u00f6ren, kostenfrei den<b> \u00b4Spiel mit! \u2013 Schl\u00e4ger\u00b4<\/b> der Firma Butterfly.<\/p>\n<\/div>\n<\/div>\n<\/div>\n<\/div>\n<h4>Die Bestellung ist ganz einfach<\/h4>\n<p>Zum Erhalt des kostenfreien Schl\u00e4gers bitten wir<br \/>\n&#8211; die Eltern das <a href=\"https:\/\/www.tischtennis.de\/fileadmin\/images\/20_MeinSport\/30_Spiel_Mit\/2021\/Bestellformular_Spielmit_Schlaeger_21_22.pdf\" target=\"_blank\" rel=\"noopener\">Bestellformular<\/a> auszuf\u00fcllen,<br \/>\n&#8211; f\u00fcr das Kind bzw. den Jugendlichen eine Kopie des Berechtigungsschreibens f\u00fcr die Leistungen nach dem <a href=\"https:\/\/www.tischtennis.de\/fileadmin\/images\/20_MeinSport\/30_Spiel_Mit\/2021\/Bildungs_und_Teilhabepaket.pdf\" target=\"_blank\" rel=\"noopener\">Teilhabe- und Bildungspaket<\/a> beizuf\u00fcgen und<br \/>\n&#8211; die Mitgliedschaft des Kindes bzw. des Jugendlichen vom Verein best\u00e4tigen zu lassen.<\/p>\n<p>Nach positiver Pr\u00fcfung wird Ihnen der Tischtennisschl\u00e4ger von der Firma Butterfly zugeschickt. Auf die Vergabe haben die TTF Wahn-Grengel keinen Einfluss.<\/p>\n","protected":false},"excerpt":{"rendered":"<p>Wir freuen uns, dass Sie sich f\u00fcr eine Mitgliedschaft bei den Tischtennisfreunden Wahn-Grengel interessieren. Informationen zu unserem Trainingsangebot, dem Vereinsleben und unserer Teilnahme an Meisterschaftsspielen finden Sie auf diesen Internetseiten. Sollten dar\u00fcberhinaus noch Fragen offen bleiben, z\u00f6gern Sie nicht unsere&#8230;<\/p>\n","protected":false},"author":3,"featured_media":0,"parent":0,"menu_order":11,"comment_status":"closed","ping_status":"closed","template":"","meta":{"jetpack_post_was_ever_published":false,"footnotes":""},"class_list":["post-60","page","type-page","status-publish","hentry","no-post-thumbnail"],"jetpack_shortlink":"https:\/\/wp.me\/P9jMO0-Y","jetpack_sharing_enabled":true,"_links":{"self":[{"href":"https:\/\/www.ttf-wahn-grengel.de\/index.php?rest_route=\/wp\/v2\/pages\/60"}],"collection":[{"href":"https:\/\/www.ttf-wahn-grengel.de\/index.php?rest_route=\/wp\/v2\/pages"}],"about":[{"href":"https:\/\/www.ttf-wahn-grengel.de\/index.php?rest_route=\/wp\/v2\/types\/page"}],"author":[{"embeddable":true,"href":"https:\/\/www.ttf-wahn-grengel.de\/index.php?rest_route=\/wp\/v2\/users\/3"}],"replies":[{"embeddable":true,"href":"https:\/\/www.ttf-wahn-grengel.de\/index.php?rest_route=%2Fwp%2Fv2%2Fcomments&post=60"}],"version-history":[{"count":13,"href":"https:\/\/www.ttf-wahn-grengel.de\/index.php?rest_route=\/wp\/v2\/pages\/60\/revisions"}],"predecessor-version":[{"id":3661,"href":"https:\/\/www.ttf-wahn-grengel.de\/index.php?rest_route=\/wp\/v2\/pages\/60\/revisions\/3661"}],"wp:attachment":[{"href":"https:\/\/www.ttf-wahn-grengel.de\/index.php?rest_route=%2Fwp%2Fv2%2Fmedia&parent=60"}],"curies":[{"name":"wp","href":"https:\/\/api.w.org\/{rel}","templated":true}]}}