{"id":7,"date":"2008-10-10T16:53:24","date_gmt":"2008-10-10T14:53:24","guid":{"rendered":"http:\/\/www.ttf-wahn-grengel.de\/?page_id=7"},"modified":"2019-02-11T22:15:22","modified_gmt":"2019-02-11T21:15:22","slug":"impressum","status":"publish","type":"page","link":"https:\/\/www.ttf-wahn-grengel.de\/?page_id=7","title":{"rendered":"Impressum"},"content":{"rendered":"<h5><span style=\"font-size: 12pt; color: #333333;\"><strong>Tischtennisfreunde Wahn-Grengel e.V.<\/strong><\/span><\/h5>\n<p><span style=\"font-size: 12pt;\">c\/o Thomas Rohlfs (Kassenwart)<br \/>\nTannenweg 26<br \/>\n51147 K\u00f6ln <\/span><\/p>\n<p><span style=\"font-size: 12pt;\">Fax: 01805 &#8211; 06033738825<\/span><\/p>\n<p><span lang=\"EN-GB\" style=\"font-size: 12pt;\">eMail <\/span><a href=\"mailto:info@ttf-wahn-grengel.de\"><span lang=\"EN-GB\">info@ttf-wahn-grengel.de<\/span><\/a><\/p>\n<p><strong>\u00a0<\/strong><\/p>\n<p><strong><span style=\"font-size: 12pt;\">Verantwortlich gem\u00e4\u00df \u00a7 10 MDStV: <\/span><\/strong><\/p>\n<p><span style=\"font-size: 12pt;\">Boris Reiss (1. Vorsitzender)<\/span><span style=\"font-size: 12pt;\"><br \/>\nMelateng\u00fcrtel 8<br \/>\n50933 K\u00f6ln<br \/>\n<\/span><\/p>\n<p><span style=\"font-size: 12pt;\">Tel: 0171-6734390<br \/>\n<\/span><\/p>\n<p><span style=\"font-size: 12pt;\">Der Verein ist beim Amtsgericht K\u00f6ln im Vereinsregister unter der Nummer 13991 eingetragen. <\/span><\/p>\n","protected":false},"excerpt":{"rendered":"<p>Tischtennisfreunde Wahn-Grengel e.V. c\/o Thomas Rohlfs (Kassenwart) Tannenweg 26 51147 K\u00f6ln Fax: 01805 &#8211; 06033738825 eMail info@ttf-wahn-grengel.de \u00a0 Verantwortlich gem\u00e4\u00df \u00a7 10 MDStV: Boris Reiss (1. Vorsitzender) Melateng\u00fcrtel 8 50933 K\u00f6ln Tel: 0171-6734390 Der Verein ist beim Amtsgericht K\u00f6ln im&#8230;<\/p>\n","protected":false},"author":3,"featured_media":0,"parent":0,"menu_order":99999,"comment_status":"closed","ping_status":"closed","template":"","meta":{"jetpack_post_was_ever_published":false,"footnotes":""},"class_list":["post-7","page","type-page","status-publish","hentry","no-post-thumbnail"],"jetpack_shortlink":"https:\/\/wp.me\/P9jMO0-7","jetpack_sharing_enabled":true,"_links":{"self":[{"href":"https:\/\/www.ttf-wahn-grengel.de\/index.php?rest_route=\/wp\/v2\/pages\/7"}],"collection":[{"href":"https:\/\/www.ttf-wahn-grengel.de\/index.php?rest_route=\/wp\/v2\/pages"}],"about":[{"href":"https:\/\/www.ttf-wahn-grengel.de\/index.php?rest_route=\/wp\/v2\/types\/page"}],"author":[{"embeddable":true,"href":"https:\/\/www.ttf-wahn-grengel.de\/index.php?rest_route=\/wp\/v2\/users\/3"}],"replies":[{"embeddable":true,"href":"https:\/\/www.ttf-wahn-grengel.de\/index.php?rest_route=%2Fwp%2Fv2%2Fcomments&post=7"}],"version-history":[{"count":3,"href":"https:\/\/www.ttf-wahn-grengel.de\/index.php?rest_route=\/wp\/v2\/pages\/7\/revisions"}],"predecessor-version":[{"id":3034,"href":"https:\/\/www.ttf-wahn-grengel.de\/index.php?rest_route=\/wp\/v2\/pages\/7\/revisions\/3034"}],"wp:attachment":[{"href":"https:\/\/www.ttf-wahn-grengel.de\/index.php?rest_route=%2Fwp%2Fv2%2Fmedia&parent=7"}],"curies":[{"name":"wp","href":"https:\/\/api.w.org\/{rel}","templated":true}]}}